{"id":1451,"date":"2025-10-17T08:25:48","date_gmt":"2025-10-17T08:25:48","guid":{"rendered":"https:\/\/chisourcing.com\/?page_id=1451"},"modified":"2025-11-27T05:46:29","modified_gmt":"2025-11-27T05:46:29","slug":"informacoes-de-pagamento","status":"publish","type":"page","link":"https:\/\/chisourcing.com\/pt\/payment-information\/","title":{"rendered":"Informa\u00e7\u00f5es de pagamento"},"content":{"rendered":"<div data-elementor-type=\"wp-page\" data-elementor-id=\"1451\" class=\"elementor elementor-1451\" data-elementor-post-type=\"page\">\n\t\t\t\t<div class=\"elementor-element elementor-element-f16d8ae e-flex e-con-boxed e-con e-parent\" data-id=\"f16d8ae\" data-element_type=\"container\" data-e-type=\"container\" data-settings=\"{&quot;background_background&quot;:&quot;gradient&quot;}\">\n\t\t\t\t\t<div class=\"e-con-inner\">\n\t\t\t\t<div class=\"elementor-element elementor-element-45a5737 elementor-widget elementor-widget-heading\" data-id=\"45a5737\" data-element_type=\"widget\" data-e-type=\"widget\" data-widget_type=\"heading.default\">\n\t\t\t\t<div class=\"elementor-widget-container\">\n\t\t\t\t\t<h2 class=\"elementor-heading-title elementor-size-default\">M\u00e9todos de pagamento aceites pelo agente de aprovisionamento<\/h2>\t\t\t\t<\/div>\n\t\t\t\t<\/div>\n\t\t\t\t<div class=\"elementor-element elementor-element-6bf848f elementor-widget elementor-widget-text-editor\" data-id=\"6bf848f\" data-element_type=\"widget\" data-e-type=\"widget\" data-widget_type=\"text-editor.default\">\n\t\t\t\t<div class=\"elementor-widget-container\">\n\t\t\t\t\t\t\t\t\tOs m\u00e9todos de pagamento oficiais aceitos pelo Sourcing Agent est\u00e3o listados a seguir. Se voc\u00ea tiver alguma d\u00favida sobre pagamentos, ou se algu\u00e9m oferecer outras informa\u00e7\u00f5es de pagamento que n\u00e3o estejam listadas aqui, envie um e-mail para tigerwing.all@gmail.com para obter mais confirma\u00e7\u00e3o.\t\t\t\t\t\t\t\t<\/div>\n\t\t\t\t<\/div>\n\t\t\t\t\t<\/div>\n\t\t\t\t<\/div>\n\t\t<div class=\"elementor-element elementor-element-19d8e4a e-flex e-con-boxed e-con e-parent\" data-id=\"19d8e4a\" data-element_type=\"container\" data-e-type=\"container\">\n\t\t\t\t\t<div class=\"e-con-inner\">\n\t\t\t\t<div class=\"elementor-element elementor-element-8d0e848 elementor-widget elementor-widget-heading\" data-id=\"8d0e848\" data-element_type=\"widget\" data-e-type=\"widget\" data-widget_type=\"heading.default\">\n\t\t\t\t<div class=\"elementor-widget-container\">\n\t\t\t\t\t<h3 class=\"elementor-heading-title elementor-size-default\">1. Transfer\u00eancia eletr\u00f3nica de todos os pa\u00edses<\/h3>\t\t\t\t<\/div>\n\t\t\t\t<\/div>\n\t\t\t\t<div class=\"elementor-element elementor-element-cfbafcf elementor-widget elementor-widget-text-editor\" data-id=\"cfbafcf\" data-element_type=\"widget\" data-e-type=\"widget\" data-widget_type=\"text-editor.default\">\n\t\t\t\t<div class=\"elementor-widget-container\">\n\t\t\t\t\t\t\t\t\t<p>A transfer\u00eancia eletr\u00f3nica \u00e9 o m\u00e9todo mais frequentemente utilizado no com\u00e9rcio internacional, com a taxa de transfer\u00eancia mais baixa ($20 a $40, com base nos bancos, para qualquer montante de pagamentos em USD).<\/p><p>Pode concluir a transfer\u00eancia eletr\u00f3nica visitando bancos locais ou utilizando empresas de transfer\u00eancia eletr\u00f3nica online como a Veem (taxa de $20), Wise (taxas de $10-$30). Note-se que s\u00f3 aceitamos pagamentos em USD.<\/p><p>Nome da conta: Huyi International (Hong Kong) Limited<br \/>N\u00famero da conta: NRA15628002010590018857<br \/>Endere\u00e7o do benefici\u00e1rio: FLAT 2304,23\/F HO KING, COMMERCIAL CENTRE, 2-16 FA YUEN STREET, MONG KOK KOWLOON Hong Kong<br \/>C\u00f3digo SWIFT: CZCBCN2XXX<br \/>Banco benefici\u00e1rio: ZHEJANG CHOUZHOU COMMERCIAL BANK CO.,LTD<br \/>Endere\u00e7o do banco: Chouyin Building, No. 188 Shangcheng Avenue, Futian Street, Yiwu City, Jinhua City, Zhejiang Province<\/p>\t\t\t\t\t\t\t\t<\/div>\n\t\t\t\t<\/div>\n\t\t\t\t<div class=\"elementor-element elementor-element-a616ef0 elementor-widget elementor-widget-heading\" data-id=\"a616ef0\" data-element_type=\"widget\" data-e-type=\"widget\" data-widget_type=\"heading.default\">\n\t\t\t\t<div class=\"elementor-widget-container\">\n\t\t\t\t\t<h3 class=\"elementor-heading-title elementor-size-default\">2. Garantia de com\u00e9rcio de Alibaba<\/h3>\t\t\t\t<\/div>\n\t\t\t\t<\/div>\n\t\t\t\t<div class=\"elementor-element elementor-element-7fe4bfe elementor-widget elementor-widget-text-editor\" data-id=\"7fe4bfe\" data-element_type=\"widget\" data-e-type=\"widget\" data-widget_type=\"text-editor.default\">\n\t\t\t\t<div class=\"elementor-widget-container\">\n\t\t\t\t\t\t\t\t\t<p>A fim de fornecer mais m\u00e9todos de pagamento para atender \u00e0s diferentes necessidades, a nossa empresa tornou-se Alibaba Gold Supplier para oferecer o servi\u00e7o de pagamento de garantia de com\u00e9rcio.<\/p><p>Para concluir o pagamento, \u00e9 necess\u00e1rio fornecer o e-mail da conta Alibaba ao seu agente. Em seguida, o seu agente ajudar\u00e1 a criar uma encomenda de garantia comercial na Alibaba e orient\u00e1-lo-\u00e1 na conclus\u00e3o do pagamento.<\/p><p>Tenha em aten\u00e7\u00e3o que tem de pagar mais 2% do montante, uma vez que se trata da taxa cobrada pela Alibaba da nossa parte. Cada pagamento deve ser inferior a $5,000, ou teremos de dividir o montante em v\u00e1rios pagamentos.<\/p>\t\t\t\t\t\t\t\t<\/div>\n\t\t\t\t<\/div>\n\t\t\t\t\t<\/div>\n\t\t\t\t<\/div>\n\t\t\t\t<\/div>","protected":false},"excerpt":{"rendered":"<p>Payment Methods Accepted by Sourcing Agent The official payment methods that Sourcing Agent accepts are listed in the following. If you have any questions about payments, or someone offers other payment information which is not listed here, please send an email to tigerwing.all@gmail.com for further confirmation. 1. Wire Transfer From All Countries Wire transfer is [&hellip;]<\/p>\n","protected":false},"author":1,"featured_media":0,"parent":0,"menu_order":0,"comment_status":"closed","ping_status":"closed","template":"","meta":{"site-sidebar-layout":"no-sidebar","site-content-layout":"page-builder","ast-site-content-layout":"full-width-container","site-content-style":"default","site-sidebar-style":"default","ast-global-header-display":"","ast-banner-title-visibility":"","ast-main-header-display":"","ast-hfb-above-header-display":"","ast-hfb-below-header-display":"","ast-hfb-mobile-header-display":"","site-post-title":"","ast-breadcrumbs-content":"","ast-featured-img":"disabled","footer-sml-layout":"","ast-disable-related-posts":"","theme-transparent-header-meta":"","adv-header-id-meta":"","stick-header-meta":"","header-above-stick-meta":"","header-main-stick-meta":"","header-below-stick-meta":"","astra-migrate-meta-layouts":"set","ast-page-background-enabled":"default","ast-page-background-meta":{"desktop":{"background-color":"","background-image":"","background-repeat":"repeat","background-position":"center center","background-size":"auto","background-attachment":"scroll","background-type":"","background-media":"","overlay-type":"","overlay-color":"","overlay-opacity":"","overlay-gradient":""},"tablet":{"background-color":"","background-image":"","background-repeat":"repeat","background-position":"center center","background-size":"auto","background-attachment":"scroll","background-type":"","background-media":"","overlay-type":"","overlay-color":"","overlay-opacity":"","overlay-gradient":""},"mobile":{"background-color":"","background-image":"","background-repeat":"repeat","background-position":"center center","background-size":"auto","background-attachment":"scroll","background-type":"","background-media":"","overlay-type":"","overlay-color":"","overlay-opacity":"","overlay-gradient":""}},"ast-content-background-meta":{"desktop":{"background-color":"var(--ast-global-color-5)","background-image":"","background-repeat":"repeat","background-position":"center center","background-size":"auto","background-attachment":"scroll","background-type":"","background-media":"","overlay-type":"","overlay-color":"","overlay-opacity":"","overlay-gradient":""},"tablet":{"background-color":"var(--ast-global-color-5)","background-image":"","background-repeat":"repeat","background-position":"center center","background-size":"auto","background-attachment":"scroll","background-type":"","background-media":"","overlay-type":"","overlay-color":"","overlay-opacity":"","overlay-gradient":""},"mobile":{"background-color":"var(--ast-global-color-5)","background-image":"","background-repeat":"repeat","background-position":"center center","background-size":"auto","background-attachment":"scroll","background-type":"","background-media":"","overlay-type":"","overlay-color":"","overlay-opacity":"","overlay-gradient":""}},"footnotes":""},"class_list":["post-1451","page","type-page","status-publish","hentry"],"yoast_head":"<!-- This site is optimized with the Yoast SEO plugin v27.4 - https:\/\/yoast.com\/product\/yoast-seo-wordpress\/ -->\n<title>Payment Information - ChiSouring<\/title>\n<meta name=\"description\" content=\"Learn the official payment methods accepted by ChiSourcing, including international wire transfers and Alibaba Trade Assurance. Secure, reliable, and USD-based payments for hassle-free sourcing.\" \/>\n<meta name=\"robots\" content=\"index, follow, max-snippet:-1, max-image-preview:large, max-video-preview:-1\" \/>\n<link rel=\"canonical\" href=\"https:\/\/chisourcing.com\/pt\/informacoes-de-pagamento\/\" \/>\n<meta property=\"og:locale\" content=\"pt_PT\" \/>\n<meta property=\"og:type\" content=\"article\" \/>\n<meta property=\"og:title\" content=\"Payment Information - ChiSouring\" \/>\n<meta property=\"og:description\" content=\"Learn the official payment methods accepted by ChiSourcing, including international wire transfers and Alibaba Trade Assurance. Secure, reliable, and USD-based payments for hassle-free sourcing.\" \/>\n<meta property=\"og:url\" content=\"https:\/\/chisourcing.com\/pt\/informacoes-de-pagamento\/\" \/>\n<meta property=\"og:site_name\" content=\"ChiSouring\" \/>\n<meta property=\"article:modified_time\" content=\"2025-11-27T05:46:29+00:00\" \/>\n<meta property=\"og:image\" content=\"https:\/\/chisourcing.com\/wp-content\/uploads\/2025\/11\/cropped-logo.png\" \/>\n\t<meta property=\"og:image:width\" content=\"512\" \/>\n\t<meta property=\"og:image:height\" content=\"512\" \/>\n\t<meta property=\"og:image:type\" content=\"image\/png\" \/>\n<meta name=\"twitter:card\" content=\"summary_large_image\" \/>\n<meta name=\"twitter:label1\" content=\"Tempo estimado de leitura\" \/>\n\t<meta name=\"twitter:data1\" content=\"2 minutos\" \/>\n<script type=\"application\/ld+json\" class=\"yoast-schema-graph\">{\"@context\":\"https:\\\/\\\/schema.org\",\"@graph\":[{\"@type\":\"WebPage\",\"@id\":\"https:\\\/\\\/chisourcing.com\\\/payment-information\\\/\",\"url\":\"https:\\\/\\\/chisourcing.com\\\/payment-information\\\/\",\"name\":\"Payment Information - ChiSouring\",\"isPartOf\":{\"@id\":\"https:\\\/\\\/chisourcing.com\\\/#website\"},\"datePublished\":\"2025-10-17T08:25:48+00:00\",\"dateModified\":\"2025-11-27T05:46:29+00:00\",\"description\":\"Learn the official payment methods accepted by ChiSourcing, including international wire transfers and Alibaba Trade Assurance. Secure, reliable, and USD-based payments for hassle-free sourcing.\",\"breadcrumb\":{\"@id\":\"https:\\\/\\\/chisourcing.com\\\/payment-information\\\/#breadcrumb\"},\"inLanguage\":\"pt-PT\",\"potentialAction\":[{\"@type\":\"ReadAction\",\"target\":[\"https:\\\/\\\/chisourcing.com\\\/payment-information\\\/\"]}]},{\"@type\":\"BreadcrumbList\",\"@id\":\"https:\\\/\\\/chisourcing.com\\\/payment-information\\\/#breadcrumb\",\"itemListElement\":[{\"@type\":\"ListItem\",\"position\":1,\"name\":\"Home\",\"item\":\"https:\\\/\\\/chisourcing.com\\\/\"},{\"@type\":\"ListItem\",\"position\":2,\"name\":\"Payment Information\"}]},{\"@type\":\"WebSite\",\"@id\":\"https:\\\/\\\/chisourcing.com\\\/#website\",\"url\":\"https:\\\/\\\/chisourcing.com\\\/\",\"name\":\"ChiSouring\",\"description\":\"China Supplier\",\"publisher\":{\"@id\":\"https:\\\/\\\/chisourcing.com\\\/#organization\"},\"alternateName\":\"ChiSouring\",\"potentialAction\":[{\"@type\":\"SearchAction\",\"target\":{\"@type\":\"EntryPoint\",\"urlTemplate\":\"https:\\\/\\\/chisourcing.com\\\/?s={search_term_string}\"},\"query-input\":{\"@type\":\"PropertyValueSpecification\",\"valueRequired\":true,\"valueName\":\"search_term_string\"}}],\"inLanguage\":\"pt-PT\"},{\"@type\":\"Organization\",\"@id\":\"https:\\\/\\\/chisourcing.com\\\/#organization\",\"name\":\"ChiSouring\",\"alternateName\":\"ChiSouring\",\"url\":\"https:\\\/\\\/chisourcing.com\\\/\",\"logo\":{\"@type\":\"ImageObject\",\"inLanguage\":\"pt-PT\",\"@id\":\"https:\\\/\\\/chisourcing.com\\\/#\\\/schema\\\/logo\\\/image\\\/\",\"url\":\"https:\\\/\\\/chisourcing.com\\\/wp-content\\\/uploads\\\/2025\\\/11\\\/logo-2.png\",\"contentUrl\":\"https:\\\/\\\/chisourcing.com\\\/wp-content\\\/uploads\\\/2025\\\/11\\\/logo-2.png\",\"width\":801,\"height\":135,\"caption\":\"ChiSouring\"},\"image\":{\"@id\":\"https:\\\/\\\/chisourcing.com\\\/#\\\/schema\\\/logo\\\/image\\\/\"}}]}<\/script>\n<!-- \/ Yoast SEO plugin. -->","yoast_head_json":{"title":"Informa\u00e7\u00f5es de pagamento - ChiSouring","description":"Conhe\u00e7a os m\u00e9todos de pagamento oficiais aceites pelo ChiSourcing, incluindo transfer\u00eancias banc\u00e1rias internacionais e Alibaba Trade Assurance. Pagamentos seguros, fi\u00e1veis e baseados em USD para um sourcing sem complica\u00e7\u00f5es.","robots":{"index":"index","follow":"follow","max-snippet":"max-snippet:-1","max-image-preview":"max-image-preview:large","max-video-preview":"max-video-preview:-1"},"canonical":"https:\/\/chisourcing.com\/pt\/informacoes-de-pagamento\/","og_locale":"pt_PT","og_type":"article","og_title":"Payment Information - ChiSouring","og_description":"Learn the official payment methods accepted by ChiSourcing, including international wire transfers and Alibaba Trade Assurance. Secure, reliable, and USD-based payments for hassle-free sourcing.","og_url":"https:\/\/chisourcing.com\/pt\/informacoes-de-pagamento\/","og_site_name":"ChiSouring","article_modified_time":"2025-11-27T05:46:29+00:00","og_image":[{"width":512,"height":512,"url":"https:\/\/chisourcing.com\/wp-content\/uploads\/2025\/11\/cropped-logo.png","type":"image\/png"}],"twitter_card":"summary_large_image","twitter_misc":{"Tempo estimado de leitura":"2 minutos"},"schema":{"@context":"https:\/\/schema.org","@graph":[{"@type":"WebPage","@id":"https:\/\/chisourcing.com\/payment-information\/","url":"https:\/\/chisourcing.com\/payment-information\/","name":"Informa\u00e7\u00f5es de pagamento - ChiSouring","isPartOf":{"@id":"https:\/\/chisourcing.com\/#website"},"datePublished":"2025-10-17T08:25:48+00:00","dateModified":"2025-11-27T05:46:29+00:00","description":"Conhe\u00e7a os m\u00e9todos de pagamento oficiais aceites pelo ChiSourcing, incluindo transfer\u00eancias banc\u00e1rias internacionais e Alibaba Trade Assurance. Pagamentos seguros, fi\u00e1veis e baseados em USD para um sourcing sem complica\u00e7\u00f5es.","breadcrumb":{"@id":"https:\/\/chisourcing.com\/payment-information\/#breadcrumb"},"inLanguage":"pt-PT","potentialAction":[{"@type":"ReadAction","target":["https:\/\/chisourcing.com\/payment-information\/"]}]},{"@type":"BreadcrumbList","@id":"https:\/\/chisourcing.com\/payment-information\/#breadcrumb","itemListElement":[{"@type":"ListItem","position":1,"name":"Home","item":"https:\/\/chisourcing.com\/"},{"@type":"ListItem","position":2,"name":"Payment Information"}]},{"@type":"WebSite","@id":"https:\/\/chisourcing.com\/#website","url":"https:\/\/chisourcing.com\/","name":"ChiSouring","description":"Fornecedor da China","publisher":{"@id":"https:\/\/chisourcing.com\/#organization"},"alternateName":"ChiSouring","potentialAction":[{"@type":"SearchAction","target":{"@type":"EntryPoint","urlTemplate":"https:\/\/chisourcing.com\/?s={search_term_string}"},"query-input":{"@type":"PropertyValueSpecification","valueRequired":true,"valueName":"search_term_string"}}],"inLanguage":"pt-PT"},{"@type":"Organization","@id":"https:\/\/chisourcing.com\/#organization","name":"ChiSouring","alternateName":"ChiSouring","url":"https:\/\/chisourcing.com\/","logo":{"@type":"ImageObject","inLanguage":"pt-PT","@id":"https:\/\/chisourcing.com\/#\/schema\/logo\/image\/","url":"https:\/\/chisourcing.com\/wp-content\/uploads\/2025\/11\/logo-2.png","contentUrl":"https:\/\/chisourcing.com\/wp-content\/uploads\/2025\/11\/logo-2.png","width":801,"height":135,"caption":"ChiSouring"},"image":{"@id":"https:\/\/chisourcing.com\/#\/schema\/logo\/image\/"}}]}},"_links":{"self":[{"href":"https:\/\/chisourcing.com\/pt\/wp-json\/wp\/v2\/pages\/1451","targetHints":{"allow":["GET"]}}],"collection":[{"href":"https:\/\/chisourcing.com\/pt\/wp-json\/wp\/v2\/pages"}],"about":[{"href":"https:\/\/chisourcing.com\/pt\/wp-json\/wp\/v2\/types\/page"}],"author":[{"embeddable":true,"href":"https:\/\/chisourcing.com\/pt\/wp-json\/wp\/v2\/users\/1"}],"replies":[{"embeddable":true,"href":"https:\/\/chisourcing.com\/pt\/wp-json\/wp\/v2\/comments?post=1451"}],"version-history":[{"count":37,"href":"https:\/\/chisourcing.com\/pt\/wp-json\/wp\/v2\/pages\/1451\/revisions"}],"predecessor-version":[{"id":6223,"href":"https:\/\/chisourcing.com\/pt\/wp-json\/wp\/v2\/pages\/1451\/revisions\/6223"}],"wp:attachment":[{"href":"https:\/\/chisourcing.com\/pt\/wp-json\/wp\/v2\/media?parent=1451"}],"curies":[{"name":"wp","href":"https:\/\/api.w.org\/{rel}","templated":true}]}}