{"id":1428,"date":"2025-10-17T08:10:07","date_gmt":"2025-10-17T08:10:07","guid":{"rendered":"https:\/\/chisourcing.com\/?page_id=1428"},"modified":"2025-11-27T05:43:40","modified_gmt":"2025-11-27T05:43:40","slug":"service-de-dropshipping","status":"publish","type":"page","link":"https:\/\/chisourcing.com\/fr\/dropshipping-service\/","title":{"rendered":"Service de Dropshipping"},"content":{"rendered":"<div data-elementor-type=\"wp-page\" data-elementor-id=\"1428\" class=\"elementor elementor-1428\" data-elementor-post-type=\"page\">\n\t\t\t\t<div class=\"elementor-element elementor-element-1607f85 e-flex e-con-boxed e-con e-parent\" data-id=\"1607f85\" data-element_type=\"container\" data-e-type=\"container\" data-settings=\"{&quot;background_background&quot;:&quot;classic&quot;}\">\n\t\t\t\t\t<div class=\"e-con-inner\">\n\t\t\t\t<div class=\"elementor-element elementor-element-78989f8 elementor-widget elementor-widget-heading\" data-id=\"78989f8\" data-element_type=\"widget\" data-e-type=\"widget\" data-widget_type=\"heading.default\">\n\t\t\t\t<div class=\"elementor-widget-container\">\n\t\t\t\t\t<h2 class=\"elementor-heading-title elementor-size-default\">Nous vous aidons \u00e0 faire du Dropship dans le monde entier<\/h2>\t\t\t\t<\/div>\n\t\t\t\t<\/div>\n\t\t\t\t<div class=\"elementor-element elementor-element-ecb77f8 elementor-widget elementor-widget-text-editor\" data-id=\"ecb77f8\" data-element_type=\"widget\" data-e-type=\"widget\" data-widget_type=\"text-editor.default\">\n\t\t\t\t<div class=\"elementor-widget-container\">\n\t\t\t\t\t\t\t\t\t<p>En plus de <a href=\"https:\/\/chisourcing.com\/dropshipping-service\/\">exp\u00e9dition<\/a> nous pouvons \u00e9galement livrer vos produits individuellement \u00e0 vos clients finaux si vous passez une commande unique d'une valeur de $1 000 ou plus dans le cadre de notre plan Pro ou de notre plan de base.<\/p>\t\t\t\t\t\t\t\t<\/div>\n\t\t\t\t<\/div>\n\t\t\t\t\t<\/div>\n\t\t\t\t<\/div>\n\t\t<div class=\"elementor-element elementor-element-94bdd45 e-flex e-con-boxed e-con e-parent\" data-id=\"94bdd45\" data-element_type=\"container\" data-e-type=\"container\" data-settings=\"{&quot;background_background&quot;:&quot;classic&quot;}\">\n\t\t\t\t\t<div class=\"e-con-inner\">\n\t\t<div class=\"elementor-element elementor-element-8712b5c e-con-full e-flex e-con e-child\" data-id=\"8712b5c\" data-element_type=\"container\" data-e-type=\"container\">\n\t\t\t\t<div class=\"elementor-element elementor-element-29b89ea elementor-widget elementor-widget-heading\" data-id=\"29b89ea\" data-element_type=\"widget\" data-e-type=\"widget\" data-widget_type=\"heading.default\">\n\t\t\t\t<div class=\"elementor-widget-container\">\n\t\t\t\t\t<h2 class=\"elementor-heading-title elementor-size-default\">Pourquoi choisir un agent de sourcing pour le dropshipping ?<\/h2>\t\t\t\t<\/div>\n\t\t\t\t<\/div>\n\t\t\t\t<\/div>\n\t\t<div class=\"elementor-element elementor-element-db66a2f e-con-full e-flex e-con e-child\" data-id=\"db66a2f\" data-element_type=\"container\" data-e-type=\"container\">\n\t\t<div class=\"elementor-element elementor-element-15e7b0a e-con-full e-flex e-con e-child\" data-id=\"15e7b0a\" data-element_type=\"container\" data-e-type=\"container\" data-settings=\"{&quot;background_background&quot;:&quot;classic&quot;}\">\n\t\t\t\t<div class=\"elementor-element elementor-element-8d45a21 elementor-widget elementor-widget-heading\" data-id=\"8d45a21\" data-element_type=\"widget\" data-e-type=\"widget\" data-widget_type=\"heading.default\">\n\t\t\t\t<div class=\"elementor-widget-container\">\n\t\t\t\t\t<h4 class=\"elementor-heading-title elementor-size-default\">Prix comp\u00e9titifs des produits<\/h4>\t\t\t\t<\/div>\n\t\t\t\t<\/div>\n\t\t\t\t<div class=\"elementor-element elementor-element-6a388a3 elementor-widget elementor-widget-text-editor\" data-id=\"6a388a3\" data-element_type=\"widget\" data-e-type=\"widget\" data-widget_type=\"text-editor.default\">\n\t\t\t\t<div class=\"elementor-widget-container\">\n\t\t\t\t\t\t\t\t\tNous sommes sp\u00e9cialis\u00e9s dans la recherche et l'approvisionnement direct aupr\u00e8s d'usines comp\u00e9titives, ce qui nous distingue des agences de dropshipping typiques qui travaillent principalement avec des grossistes et n'aident les clients qu'\u00e0 acheter des produits pr\u00eats \u00e0 l'emploi.\t\t\t\t\t\t\t\t<\/div>\n\t\t\t\t<\/div>\n\t\t\t\t<\/div>\n\t\t<div class=\"elementor-element elementor-element-ac96bec e-con-full e-flex e-con e-child\" data-id=\"ac96bec\" data-element_type=\"container\" data-e-type=\"container\" data-settings=\"{&quot;background_background&quot;:&quot;classic&quot;}\">\n\t\t\t\t<div class=\"elementor-element elementor-element-5dafb22 elementor-widget elementor-widget-heading\" data-id=\"5dafb22\" data-element_type=\"widget\" data-e-type=\"widget\" data-widget_type=\"heading.default\">\n\t\t\t\t<div class=\"elementor-widget-container\">\n\t\t\t\t\t<h4 class=\"elementor-heading-title elementor-size-default\">R\u00e9duction des co\u00fbts de logistique et d'ex\u00e9cution<\/h4>\t\t\t\t<\/div>\n\t\t\t\t<\/div>\n\t\t\t\t<div class=\"elementor-element elementor-element-718e7fc elementor-widget elementor-widget-text-editor\" data-id=\"718e7fc\" data-element_type=\"widget\" data-e-type=\"widget\" data-widget_type=\"text-editor.default\">\n\t\t\t\t<div class=\"elementor-widget-container\">\n\t\t\t\t\t\t\t\t\t<p>Contrairement aux <a href=\"https:\/\/chisourcing.com\/dropshipping-service\/\">dropshipping<\/a> Pour les entreprises de dropshipping, l'approvisionnement est notre principale source de profit et nous n'avons pas d'attentes en mati\u00e8re de profit sur la logistique. Le dropshipping est simplement une solution logistique pratique que nous proposons \u00e0 nos clients.<\/p>\t\t\t\t\t\t\t\t<\/div>\n\t\t\t\t<\/div>\n\t\t\t\t<\/div>\n\t\t<div class=\"elementor-element elementor-element-79d8cf8 e-con-full e-flex e-con e-child\" data-id=\"79d8cf8\" data-element_type=\"container\" data-e-type=\"container\" data-settings=\"{&quot;background_background&quot;:&quot;classic&quot;}\">\n\t\t\t\t<div class=\"elementor-element elementor-element-ef3a190 elementor-widget elementor-widget-heading\" data-id=\"ef3a190\" data-element_type=\"widget\" data-e-type=\"widget\" data-widget_type=\"heading.default\">\n\t\t\t\t<div class=\"elementor-widget-container\">\n\t\t\t\t\t<h4 class=\"elementor-heading-title elementor-size-default\">Plus de souplesse dans la personnalisation<\/h4>\t\t\t\t<\/div>\n\t\t\t\t<\/div>\n\t\t\t\t<div class=\"elementor-element elementor-element-2da263c elementor-widget elementor-widget-text-editor\" data-id=\"2da263c\" data-element_type=\"widget\" data-e-type=\"widget\" data-widget_type=\"text-editor.default\">\n\t\t\t\t<div class=\"elementor-widget-container\">\n\t\t\t\t\t\t\t\t\t<p>En tant qu'expert <a href=\"https:\/\/chisourcing.com\/\">soci\u00e9t\u00e9 de sourcing<\/a>, Nous excellons dans la personnalisation et la fabrication de produits. Nous pouvons vous aider dans le d\u00e9veloppement de produits, la personnalisation de l'emballage et d'autres t\u00e2ches que d'autres soci\u00e9t\u00e9s de dropshipping n'offrent pas.<\/p>\t\t\t\t\t\t\t\t<\/div>\n\t\t\t\t<\/div>\n\t\t\t\t<\/div>\n\t\t<div class=\"elementor-element elementor-element-05f02ba e-con-full e-flex e-con e-child\" data-id=\"05f02ba\" data-element_type=\"container\" data-e-type=\"container\" data-settings=\"{&quot;background_background&quot;:&quot;classic&quot;}\">\n\t\t\t\t<div class=\"elementor-element elementor-element-d63f2d7 elementor-widget elementor-widget-heading\" data-id=\"d63f2d7\" data-element_type=\"widget\" data-e-type=\"widget\" data-widget_type=\"heading.default\">\n\t\t\t\t<div class=\"elementor-widget-container\">\n\t\t\t\t\t<h4 class=\"elementor-heading-title elementor-size-default\">Solutions informatiques internes<\/h4>\t\t\t\t<\/div>\n\t\t\t\t<\/div>\n\t\t\t\t<div class=\"elementor-element elementor-element-8ab88ee elementor-widget elementor-widget-text-editor\" data-id=\"8ab88ee\" data-element_type=\"widget\" data-e-type=\"widget\" data-widget_type=\"text-editor.default\">\n\t\t\t\t<div class=\"elementor-widget-container\">\n\t\t\t\t\t\t\t\t\t<p>Que votre magasin soit install\u00e9 sur <a href=\"https:\/\/chisourcing.com\/amazon-fba\/\">plates-formes<\/a> comme Shopify ou si vous avez un syst\u00e8me autonome, notre \u00e9quipe informatique sp\u00e9cialis\u00e9e peut int\u00e9grer votre boutique de mani\u00e8re transparente \u00e0 notre syst\u00e8me et vous fournir des informations sur les produits et services que nous proposons. <a href=\"https:\/\/chisourcing.com\/faq\/\">une assistance technique compl\u00e8te<\/a>.<\/p>\t\t\t\t\t\t\t\t<\/div>\n\t\t\t\t<\/div>\n\t\t\t\t<\/div>\n\t\t<div class=\"elementor-element elementor-element-bceef77 e-con-full e-flex e-con e-child\" data-id=\"bceef77\" data-element_type=\"container\" data-e-type=\"container\">\n\t\t\t\t<div class=\"elementor-element elementor-element-92d6e65 elementor-widget elementor-widget-button\" data-id=\"92d6e65\" data-element_type=\"widget\" data-e-type=\"widget\" data-widget_type=\"button.default\">\n\t\t\t\t<div class=\"elementor-widget-container\">\n\t\t\t\t\t\t\t\t\t<div class=\"elementor-button-wrapper\">\n\t\t\t\t\t<a class=\"elementor-button elementor-button-link elementor-size-sm\" href=\"\/contact-us\/\">\n\t\t\t\t\t\t<span class=\"elementor-button-content-wrapper\">\n\t\t\t\t\t\t\t\t\t<span class=\"elementor-button-text\">D\u00e9marrer le Dropshipping<\/span>\n\t\t\t\t\t<\/span>\n\t\t\t\t\t<\/a>\n\t\t\t\t<\/div>\n\t\t\t\t\t\t\t\t<\/div>\n\t\t\t\t<\/div>\n\t\t\t\t<\/div>\n\t\t\t\t<\/div>\n\t\t\t\t\t<\/div>\n\t\t\t\t<\/div>\n\t\t<div class=\"elementor-element elementor-element-48aef79 e-flex e-con-boxed e-con e-parent\" data-id=\"48aef79\" data-element_type=\"container\" data-e-type=\"container\">\n\t\t\t\t\t<div class=\"e-con-inner\">\n\t\t<div class=\"elementor-element elementor-element-6a4d01e e-con-full e-flex e-con e-child\" data-id=\"6a4d01e\" data-element_type=\"container\" data-e-type=\"container\">\n\t\t\t\t<div class=\"elementor-element elementor-element-9a33bf3 elementor-widget elementor-widget-heading\" data-id=\"9a33bf3\" data-element_type=\"widget\" data-e-type=\"widget\" data-widget_type=\"heading.default\">\n\t\t\t\t<div class=\"elementor-widget-container\">\n\t\t\t\t\t<h2 class=\"elementor-heading-title elementor-size-default\">Dropship avec Sourcing Agent en 4 \u00e9tapes simples<\/h2>\t\t\t\t<\/div>\n\t\t\t\t<\/div>\n\t\t\t\t<\/div>\n\t\t<div class=\"elementor-element elementor-element-b946ea7 e-con-full e-flex e-con e-child\" data-id=\"b946ea7\" data-element_type=\"container\" data-e-type=\"container\">\n\t\t\t\t<div class=\"elementor-element elementor-element-c85aed0 elementor-mobile-align-center elementor-icon-list--layout-traditional elementor-list-item-link-full_width elementor-widget elementor-widget-icon-list\" data-id=\"c85aed0\" data-element_type=\"widget\" data-e-type=\"widget\" data-widget_type=\"icon-list.default\">\n\t\t\t\t<div class=\"elementor-widget-container\">\n\t\t\t\t\t\t\t<ul class=\"elementor-icon-list-items\">\n\t\t\t\t\t\t\t<li class=\"elementor-icon-list-item\">\n\t\t\t\t\t\t\t\t\t\t<span class=\"elementor-icon-list-text\">Soumettez votre demande et choisissez un plan de service.<\/span>\n\t\t\t\t\t\t\t\t\t<\/li>\n\t\t\t\t\t\t\t\t<li class=\"elementor-icon-list-item\">\n\t\t\t\t\t\t\t\t\t\t<span class=\"elementor-icon-list-text\">Nous assurons le suivi de la production et l'enl\u00e8vement des produits vers notre entrep\u00f4t.<\/span>\n\t\t\t\t\t\t\t\t\t<\/li>\n\t\t\t\t\t\t\t\t<li class=\"elementor-icon-list-item\">\n\t\t\t\t\t\t\t\t\t\t<span class=\"elementor-icon-list-text\">Nous int\u00e9grons votre magasin \u00e0 notre syst\u00e8me et ex\u00e9cutons les commandes pour vos clients finaux.<\/span>\n\t\t\t\t\t\t\t\t\t<\/li>\n\t\t\t\t\t\t\t\t<li class=\"elementor-icon-list-item\">\n\t\t\t\t\t\t\t\t\t\t<span class=\"elementor-icon-list-text\">Le syst\u00e8me met automatiquement \u00e0 jour le suivi logistique et l'\u00e9tat des commandes.<\/span>\n\t\t\t\t\t\t\t\t\t<\/li>\n\t\t\t\t\t\t<\/ul>\n\t\t\t\t\t\t<\/div>\n\t\t\t\t<\/div>\n\t\t\t\t<\/div>\n\t\t<div class=\"elementor-element elementor-element-84eb799 e-con-full e-flex e-con e-child\" data-id=\"84eb799\" data-element_type=\"container\" data-e-type=\"container\">\n\t\t\t\t<div class=\"elementor-element elementor-element-01cbb65 elementor-widget elementor-widget-image\" data-id=\"01cbb65\" data-element_type=\"widget\" data-e-type=\"widget\" data-widget_type=\"image.default\">\n\t\t\t\t<div class=\"elementor-widget-container\">\n\t\t\t\t\t\t\t\t\t\t\t\t\t\t\t<img fetchpriority=\"high\" decoding=\"async\" width=\"600\" height=\"401\" src=\"https:\/\/chisourcing.com\/wp-content\/uploads\/2025\/11\/service-img3.jpg\" class=\"attachment-large size-large wp-image-2612\" alt=\"\" srcset=\"https:\/\/chisourcing.com\/wp-content\/uploads\/2025\/11\/service-img3.jpg 600w, https:\/\/chisourcing.com\/wp-content\/uploads\/2025\/11\/service-img3-300x201.jpg 300w, https:\/\/chisourcing.com\/wp-content\/uploads\/2025\/11\/service-img3-18x12.jpg 18w\" sizes=\"(max-width: 600px) 100vw, 600px\" \/>\t\t\t\t\t\t\t\t\t\t\t\t\t\t\t<\/div>\n\t\t\t\t<\/div>\n\t\t\t\t<\/div>\n\t\t<div class=\"elementor-element elementor-element-fa84e2b e-con-full e-flex e-con e-child\" data-id=\"fa84e2b\" data-element_type=\"container\" data-e-type=\"container\">\n\t\t\t\t<div class=\"elementor-element elementor-element-bbb086a elementor-widget elementor-widget-button\" data-id=\"bbb086a\" data-element_type=\"widget\" data-e-type=\"widget\" data-widget_type=\"button.default\">\n\t\t\t\t<div class=\"elementor-widget-container\">\n\t\t\t\t\t\t\t\t\t<div class=\"elementor-button-wrapper\">\n\t\t\t\t\t<a class=\"elementor-button elementor-button-link elementor-size-sm\" href=\"\/contact-us\/\">\n\t\t\t\t\t\t<span class=\"elementor-button-content-wrapper\">\n\t\t\t\t\t\t\t\t\t<span class=\"elementor-button-text\">D\u00e9marrer le Dropshipping<\/span>\n\t\t\t\t\t<\/span>\n\t\t\t\t\t<\/a>\n\t\t\t\t<\/div>\n\t\t\t\t\t\t\t\t<\/div>\n\t\t\t\t<\/div>\n\t\t\t\t<\/div>\n\t\t\t\t\t<\/div>\n\t\t\t\t<\/div>\n\t\t\t\t<\/div>","protected":false},"excerpt":{"rendered":"<p>We Help You Dropship Worldwide In addition to shipping your products in bulk, we can also deliver your products individually to your end customers if you make a single order worth $1,000 or more under our Pro Plan or Basic Plan. Why choose Sourcing Agent for dropshipping Competitive product prices We specialize in finding and [&hellip;]<\/p>\n","protected":false},"author":1,"featured_media":0,"parent":0,"menu_order":0,"comment_status":"closed","ping_status":"closed","template":"","meta":{"site-sidebar-layout":"no-sidebar","site-content-layout":"page-builder","ast-site-content-layout":"full-width-container","site-content-style":"default","site-sidebar-style":"default","ast-global-header-display":"","ast-banner-title-visibility":"","ast-main-header-display":"","ast-hfb-above-header-display":"","ast-hfb-below-header-display":"","ast-hfb-mobile-header-display":"","site-post-title":"","ast-breadcrumbs-content":"","ast-featured-img":"disabled","footer-sml-layout":"","ast-disable-related-posts":"","theme-transparent-header-meta":"","adv-header-id-meta":"","stick-header-meta":"","header-above-stick-meta":"","header-main-stick-meta":"","header-below-stick-meta":"","astra-migrate-meta-layouts":"set","ast-page-background-enabled":"default","ast-page-background-meta":{"desktop":{"background-color":"","background-image":"","background-repeat":"repeat","background-position":"center center","background-size":"auto","background-attachment":"scroll","background-type":"","background-media":"","overlay-type":"","overlay-color":"","overlay-opacity":"","overlay-gradient":""},"tablet":{"background-color":"","background-image":"","background-repeat":"repeat","background-position":"center center","background-size":"auto","background-attachment":"scroll","background-type":"","background-media":"","overlay-type":"","overlay-color":"","overlay-opacity":"","overlay-gradient":""},"mobile":{"background-color":"","background-image":"","background-repeat":"repeat","background-position":"center center","background-size":"auto","background-attachment":"scroll","background-type":"","background-media":"","overlay-type":"","overlay-color":"","overlay-opacity":"","overlay-gradient":""}},"ast-content-background-meta":{"desktop":{"background-color":"var(--ast-global-color-5)","background-image":"","background-repeat":"repeat","background-position":"center center","background-size":"auto","background-attachment":"scroll","background-type":"","background-media":"","overlay-type":"","overlay-color":"","overlay-opacity":"","overlay-gradient":""},"tablet":{"background-color":"var(--ast-global-color-5)","background-image":"","background-repeat":"repeat","background-position":"center center","background-size":"auto","background-attachment":"scroll","background-type":"","background-media":"","overlay-type":"","overlay-color":"","overlay-opacity":"","overlay-gradient":""},"mobile":{"background-color":"var(--ast-global-color-5)","background-image":"","background-repeat":"repeat","background-position":"center center","background-size":"auto","background-attachment":"scroll","background-type":"","background-media":"","overlay-type":"","overlay-color":"","overlay-opacity":"","overlay-gradient":""}},"footnotes":""},"class_list":["post-1428","page","type-page","status-publish","hentry"],"yoast_head":"<!-- This site is optimized with the Yoast SEO plugin v27.4 - https:\/\/yoast.com\/product\/yoast-seo-wordpress\/ -->\n<title>Dropshipping Service - ChiSouring<\/title>\n<meta name=\"description\" content=\"ChiSourcing offers reliable China dropshipping with factory sourcing, low logistics costs, custom packaging, and Shopify integration. Start global dropshipping easily.\" \/>\n<meta name=\"robots\" content=\"index, follow, max-snippet:-1, max-image-preview:large, max-video-preview:-1\" \/>\n<link rel=\"canonical\" href=\"https:\/\/chisourcing.com\/fr\/service-de-dropshipping\/\" \/>\n<meta property=\"og:locale\" content=\"fr_FR\" \/>\n<meta property=\"og:type\" content=\"article\" \/>\n<meta property=\"og:title\" content=\"Dropshipping Service - ChiSouring\" \/>\n<meta property=\"og:description\" content=\"ChiSourcing offers reliable China dropshipping with factory sourcing, low logistics costs, custom packaging, and Shopify integration. Start global dropshipping easily.\" \/>\n<meta property=\"og:url\" content=\"https:\/\/chisourcing.com\/fr\/service-de-dropshipping\/\" \/>\n<meta property=\"og:site_name\" content=\"ChiSouring\" \/>\n<meta property=\"article:modified_time\" content=\"2025-11-27T05:43:40+00:00\" \/>\n<meta property=\"og:image\" content=\"https:\/\/chisourcing.com\/wp-content\/uploads\/2025\/11\/service-img3.jpg\" \/>\n<meta name=\"twitter:card\" content=\"summary_large_image\" \/>\n<meta name=\"twitter:label1\" content=\"Dur\u00e9e de lecture estim\u00e9e\" \/>\n\t<meta name=\"twitter:data1\" content=\"2 minutes\" \/>\n<script type=\"application\/ld+json\" class=\"yoast-schema-graph\">{\"@context\":\"https:\\\/\\\/schema.org\",\"@graph\":[{\"@type\":\"WebPage\",\"@id\":\"https:\\\/\\\/chisourcing.com\\\/dropshipping-service\\\/\",\"url\":\"https:\\\/\\\/chisourcing.com\\\/dropshipping-service\\\/\",\"name\":\"Dropshipping Service - ChiSouring\",\"isPartOf\":{\"@id\":\"https:\\\/\\\/chisourcing.com\\\/#website\"},\"primaryImageOfPage\":{\"@id\":\"https:\\\/\\\/chisourcing.com\\\/dropshipping-service\\\/#primaryimage\"},\"image\":{\"@id\":\"https:\\\/\\\/chisourcing.com\\\/dropshipping-service\\\/#primaryimage\"},\"thumbnailUrl\":\"https:\\\/\\\/chisourcing.com\\\/wp-content\\\/uploads\\\/2025\\\/11\\\/service-img3.jpg\",\"datePublished\":\"2025-10-17T08:10:07+00:00\",\"dateModified\":\"2025-11-27T05:43:40+00:00\",\"description\":\"ChiSourcing offers reliable China dropshipping with factory sourcing, low logistics costs, custom packaging, and Shopify integration. Start global dropshipping easily.\",\"breadcrumb\":{\"@id\":\"https:\\\/\\\/chisourcing.com\\\/dropshipping-service\\\/#breadcrumb\"},\"inLanguage\":\"fr-FR\",\"potentialAction\":[{\"@type\":\"ReadAction\",\"target\":[\"https:\\\/\\\/chisourcing.com\\\/dropshipping-service\\\/\"]}]},{\"@type\":\"ImageObject\",\"inLanguage\":\"fr-FR\",\"@id\":\"https:\\\/\\\/chisourcing.com\\\/dropshipping-service\\\/#primaryimage\",\"url\":\"https:\\\/\\\/chisourcing.com\\\/wp-content\\\/uploads\\\/2025\\\/11\\\/service-img3.jpg\",\"contentUrl\":\"https:\\\/\\\/chisourcing.com\\\/wp-content\\\/uploads\\\/2025\\\/11\\\/service-img3.jpg\"},{\"@type\":\"BreadcrumbList\",\"@id\":\"https:\\\/\\\/chisourcing.com\\\/dropshipping-service\\\/#breadcrumb\",\"itemListElement\":[{\"@type\":\"ListItem\",\"position\":1,\"name\":\"Home\",\"item\":\"https:\\\/\\\/chisourcing.com\\\/\"},{\"@type\":\"ListItem\",\"position\":2,\"name\":\"Dropshipping Service\"}]},{\"@type\":\"WebSite\",\"@id\":\"https:\\\/\\\/chisourcing.com\\\/#website\",\"url\":\"https:\\\/\\\/chisourcing.com\\\/\",\"name\":\"ChiSouring\",\"description\":\"China Supplier\",\"publisher\":{\"@id\":\"https:\\\/\\\/chisourcing.com\\\/#organization\"},\"alternateName\":\"ChiSouring\",\"potentialAction\":[{\"@type\":\"SearchAction\",\"target\":{\"@type\":\"EntryPoint\",\"urlTemplate\":\"https:\\\/\\\/chisourcing.com\\\/?s={search_term_string}\"},\"query-input\":{\"@type\":\"PropertyValueSpecification\",\"valueRequired\":true,\"valueName\":\"search_term_string\"}}],\"inLanguage\":\"fr-FR\"},{\"@type\":\"Organization\",\"@id\":\"https:\\\/\\\/chisourcing.com\\\/#organization\",\"name\":\"ChiSouring\",\"alternateName\":\"ChiSouring\",\"url\":\"https:\\\/\\\/chisourcing.com\\\/\",\"logo\":{\"@type\":\"ImageObject\",\"inLanguage\":\"fr-FR\",\"@id\":\"https:\\\/\\\/chisourcing.com\\\/#\\\/schema\\\/logo\\\/image\\\/\",\"url\":\"https:\\\/\\\/chisourcing.com\\\/wp-content\\\/uploads\\\/2025\\\/11\\\/logo-2.png\",\"contentUrl\":\"https:\\\/\\\/chisourcing.com\\\/wp-content\\\/uploads\\\/2025\\\/11\\\/logo-2.png\",\"width\":801,\"height\":135,\"caption\":\"ChiSouring\"},\"image\":{\"@id\":\"https:\\\/\\\/chisourcing.com\\\/#\\\/schema\\\/logo\\\/image\\\/\"}}]}<\/script>\n<!-- \/ Yoast SEO plugin. -->","yoast_head_json":{"title":"Service de Dropshipping - ChiSouring","description":"ChiSourcing offre un service fiable de dropshipping en Chine avec un approvisionnement en usine, des co\u00fbts logistiques r\u00e9duits, un emballage personnalis\u00e9 et l'int\u00e9gration de Shopify. Commencez facilement \u00e0 faire du dropshipping \u00e0 l'\u00e9chelle mondiale.","robots":{"index":"index","follow":"follow","max-snippet":"max-snippet:-1","max-image-preview":"max-image-preview:large","max-video-preview":"max-video-preview:-1"},"canonical":"https:\/\/chisourcing.com\/fr\/service-de-dropshipping\/","og_locale":"fr_FR","og_type":"article","og_title":"Dropshipping Service - ChiSouring","og_description":"ChiSourcing offers reliable China dropshipping with factory sourcing, low logistics costs, custom packaging, and Shopify integration. Start global dropshipping easily.","og_url":"https:\/\/chisourcing.com\/fr\/service-de-dropshipping\/","og_site_name":"ChiSouring","article_modified_time":"2025-11-27T05:43:40+00:00","og_image":[{"url":"https:\/\/chisourcing.com\/wp-content\/uploads\/2025\/11\/service-img3.jpg","type":"","width":"","height":""}],"twitter_card":"summary_large_image","twitter_misc":{"Dur\u00e9e de lecture estim\u00e9e":"2 minutes"},"schema":{"@context":"https:\/\/schema.org","@graph":[{"@type":"WebPage","@id":"https:\/\/chisourcing.com\/dropshipping-service\/","url":"https:\/\/chisourcing.com\/dropshipping-service\/","name":"Service de Dropshipping - ChiSouring","isPartOf":{"@id":"https:\/\/chisourcing.com\/#website"},"primaryImageOfPage":{"@id":"https:\/\/chisourcing.com\/dropshipping-service\/#primaryimage"},"image":{"@id":"https:\/\/chisourcing.com\/dropshipping-service\/#primaryimage"},"thumbnailUrl":"https:\/\/chisourcing.com\/wp-content\/uploads\/2025\/11\/service-img3.jpg","datePublished":"2025-10-17T08:10:07+00:00","dateModified":"2025-11-27T05:43:40+00:00","description":"ChiSourcing offre un service fiable de dropshipping en Chine avec un approvisionnement en usine, des co\u00fbts logistiques r\u00e9duits, un emballage personnalis\u00e9 et l'int\u00e9gration de Shopify. Commencez facilement \u00e0 faire du dropshipping \u00e0 l'\u00e9chelle mondiale.","breadcrumb":{"@id":"https:\/\/chisourcing.com\/dropshipping-service\/#breadcrumb"},"inLanguage":"fr-FR","potentialAction":[{"@type":"ReadAction","target":["https:\/\/chisourcing.com\/dropshipping-service\/"]}]},{"@type":"ImageObject","inLanguage":"fr-FR","@id":"https:\/\/chisourcing.com\/dropshipping-service\/#primaryimage","url":"https:\/\/chisourcing.com\/wp-content\/uploads\/2025\/11\/service-img3.jpg","contentUrl":"https:\/\/chisourcing.com\/wp-content\/uploads\/2025\/11\/service-img3.jpg"},{"@type":"BreadcrumbList","@id":"https:\/\/chisourcing.com\/dropshipping-service\/#breadcrumb","itemListElement":[{"@type":"ListItem","position":1,"name":"Home","item":"https:\/\/chisourcing.com\/"},{"@type":"ListItem","position":2,"name":"Dropshipping Service"}]},{"@type":"WebSite","@id":"https:\/\/chisourcing.com\/#website","url":"https:\/\/chisourcing.com\/","name":"ChiSouring","description":"Fournisseur chinois","publisher":{"@id":"https:\/\/chisourcing.com\/#organization"},"alternateName":"ChiSouring","potentialAction":[{"@type":"SearchAction","target":{"@type":"EntryPoint","urlTemplate":"https:\/\/chisourcing.com\/?s={search_term_string}"},"query-input":{"@type":"PropertyValueSpecification","valueRequired":true,"valueName":"search_term_string"}}],"inLanguage":"fr-FR"},{"@type":"Organization","@id":"https:\/\/chisourcing.com\/#organization","name":"ChiSouring","alternateName":"ChiSouring","url":"https:\/\/chisourcing.com\/","logo":{"@type":"ImageObject","inLanguage":"fr-FR","@id":"https:\/\/chisourcing.com\/#\/schema\/logo\/image\/","url":"https:\/\/chisourcing.com\/wp-content\/uploads\/2025\/11\/logo-2.png","contentUrl":"https:\/\/chisourcing.com\/wp-content\/uploads\/2025\/11\/logo-2.png","width":801,"height":135,"caption":"ChiSouring"},"image":{"@id":"https:\/\/chisourcing.com\/#\/schema\/logo\/image\/"}}]}},"_links":{"self":[{"href":"https:\/\/chisourcing.com\/fr\/wp-json\/wp\/v2\/pages\/1428","targetHints":{"allow":["GET"]}}],"collection":[{"href":"https:\/\/chisourcing.com\/fr\/wp-json\/wp\/v2\/pages"}],"about":[{"href":"https:\/\/chisourcing.com\/fr\/wp-json\/wp\/v2\/types\/page"}],"author":[{"embeddable":true,"href":"https:\/\/chisourcing.com\/fr\/wp-json\/wp\/v2\/users\/1"}],"replies":[{"embeddable":true,"href":"https:\/\/chisourcing.com\/fr\/wp-json\/wp\/v2\/comments?post=1428"}],"version-history":[{"count":181,"href":"https:\/\/chisourcing.com\/fr\/wp-json\/wp\/v2\/pages\/1428\/revisions"}],"predecessor-version":[{"id":7038,"href":"https:\/\/chisourcing.com\/fr\/wp-json\/wp\/v2\/pages\/1428\/revisions\/7038"}],"wp:attachment":[{"href":"https:\/\/chisourcing.com\/fr\/wp-json\/wp\/v2\/media?parent=1428"}],"curies":[{"name":"wp","href":"https:\/\/api.w.org\/{rel}","templated":true}]}}