{"id":1428,"date":"2025-10-17T08:10:07","date_gmt":"2025-10-17T08:10:07","guid":{"rendered":"https:\/\/chisourcing.com\/?page_id=1428"},"modified":"2025-11-27T05:43:40","modified_gmt":"2025-11-27T05:43:40","slug":"servicio-dropshipping","status":"publish","type":"page","link":"https:\/\/chisourcing.com\/es\/dropshipping-service\/","title":{"rendered":"Servicio Dropshipping"},"content":{"rendered":"<div data-elementor-type=\"wp-page\" data-elementor-id=\"1428\" class=\"elementor elementor-1428\" data-elementor-post-type=\"page\">\n\t\t\t\t<div class=\"elementor-element elementor-element-1607f85 e-flex e-con-boxed e-con e-parent\" data-id=\"1607f85\" data-element_type=\"container\" data-e-type=\"container\" data-settings=\"{&quot;background_background&quot;:&quot;classic&quot;}\">\n\t\t\t\t\t<div class=\"e-con-inner\">\n\t\t\t\t<div class=\"elementor-element elementor-element-78989f8 elementor-widget elementor-widget-heading\" data-id=\"78989f8\" data-element_type=\"widget\" data-e-type=\"widget\" data-widget_type=\"heading.default\">\n\t\t\t\t<div class=\"elementor-widget-container\">\n\t\t\t\t\t<h2 class=\"elementor-heading-title elementor-size-default\">Le ayudamos a realizar dropshipping en todo el mundo<\/h2>\t\t\t\t<\/div>\n\t\t\t\t<\/div>\n\t\t\t\t<div class=\"elementor-element elementor-element-ecb77f8 elementor-widget elementor-widget-text-editor\" data-id=\"ecb77f8\" data-element_type=\"widget\" data-e-type=\"widget\" data-widget_type=\"text-editor.default\">\n\t\t\t\t<div class=\"elementor-widget-container\">\n\t\t\t\t\t\t\t\t\t<p>Adem\u00e1s de <a href=\"https:\/\/chisourcing.com\/dropshipping-service\/\">env\u00edo<\/a> sus productos al por mayor, tambi\u00e9n podemos entregar sus productos individualmente a sus clientes finales si realiza un \u00fanico pedido por valor de $1.000 o m\u00e1s con nuestro Plan Pro o Plan Basic.<\/p>\t\t\t\t\t\t\t\t<\/div>\n\t\t\t\t<\/div>\n\t\t\t\t\t<\/div>\n\t\t\t\t<\/div>\n\t\t<div class=\"elementor-element elementor-element-94bdd45 e-flex e-con-boxed e-con e-parent\" data-id=\"94bdd45\" data-element_type=\"container\" data-e-type=\"container\" data-settings=\"{&quot;background_background&quot;:&quot;classic&quot;}\">\n\t\t\t\t\t<div class=\"e-con-inner\">\n\t\t<div class=\"elementor-element elementor-element-8712b5c e-con-full e-flex e-con e-child\" data-id=\"8712b5c\" data-element_type=\"container\" data-e-type=\"container\">\n\t\t\t\t<div class=\"elementor-element elementor-element-29b89ea elementor-widget elementor-widget-heading\" data-id=\"29b89ea\" data-element_type=\"widget\" data-e-type=\"widget\" data-widget_type=\"heading.default\">\n\t\t\t\t<div class=\"elementor-widget-container\">\n\t\t\t\t\t<h2 class=\"elementor-heading-title elementor-size-default\">Por qu\u00e9 elegir Sourcing Agent para dropshipping<\/h2>\t\t\t\t<\/div>\n\t\t\t\t<\/div>\n\t\t\t\t<\/div>\n\t\t<div class=\"elementor-element elementor-element-db66a2f e-con-full e-flex e-con e-child\" data-id=\"db66a2f\" data-element_type=\"container\" data-e-type=\"container\">\n\t\t<div class=\"elementor-element elementor-element-15e7b0a e-con-full e-flex e-con e-child\" data-id=\"15e7b0a\" data-element_type=\"container\" data-e-type=\"container\" data-settings=\"{&quot;background_background&quot;:&quot;classic&quot;}\">\n\t\t\t\t<div class=\"elementor-element elementor-element-8d45a21 elementor-widget elementor-widget-heading\" data-id=\"8d45a21\" data-element_type=\"widget\" data-e-type=\"widget\" data-widget_type=\"heading.default\">\n\t\t\t\t<div class=\"elementor-widget-container\">\n\t\t\t\t\t<h4 class=\"elementor-heading-title elementor-size-default\">Precios competitivos de los productos<\/h4>\t\t\t\t<\/div>\n\t\t\t\t<\/div>\n\t\t\t\t<div class=\"elementor-element elementor-element-6a388a3 elementor-widget elementor-widget-text-editor\" data-id=\"6a388a3\" data-element_type=\"widget\" data-e-type=\"widget\" data-widget_type=\"text-editor.default\">\n\t\t\t\t<div class=\"elementor-widget-container\">\n\t\t\t\t\t\t\t\t\tNos especializamos en encontrar y abastecernos directamente de f\u00e1bricas competitivas, lo que nos diferencia de las t\u00edpicas agencias de dropshipping que trabajan principalmente con mayoristas y s\u00f3lo ayudan a los clientes a comprar productos ya hechos.\t\t\t\t\t\t\t\t<\/div>\n\t\t\t\t<\/div>\n\t\t\t\t<\/div>\n\t\t<div class=\"elementor-element elementor-element-ac96bec e-con-full e-flex e-con e-child\" data-id=\"ac96bec\" data-element_type=\"container\" data-e-type=\"container\" data-settings=\"{&quot;background_background&quot;:&quot;classic&quot;}\">\n\t\t\t\t<div class=\"elementor-element elementor-element-5dafb22 elementor-widget elementor-widget-heading\" data-id=\"5dafb22\" data-element_type=\"widget\" data-e-type=\"widget\" data-widget_type=\"heading.default\">\n\t\t\t\t<div class=\"elementor-widget-container\">\n\t\t\t\t\t<h4 class=\"elementor-heading-title elementor-size-default\">Menores costes log\u00edsticos y de cumplimiento<\/h4>\t\t\t\t<\/div>\n\t\t\t\t<\/div>\n\t\t\t\t<div class=\"elementor-element elementor-element-718e7fc elementor-widget elementor-widget-text-editor\" data-id=\"718e7fc\" data-element_type=\"widget\" data-e-type=\"widget\" data-widget_type=\"text-editor.default\">\n\t\t\t\t<div class=\"elementor-widget-container\">\n\t\t\t\t\t\t\t\t\t<p>A diferencia de los t\u00edpicos <a href=\"https:\/\/chisourcing.com\/dropshipping-service\/\">dropshipping<\/a> priorizamos el aprovisionamiento como nuestra principal fuente de beneficios y no tenemos expectativas de beneficios en log\u00edstica. El dropshipping es simplemente una soluci\u00f3n log\u00edstica c\u00f3moda que ofrecemos a nuestros clientes.<\/p>\t\t\t\t\t\t\t\t<\/div>\n\t\t\t\t<\/div>\n\t\t\t\t<\/div>\n\t\t<div class=\"elementor-element elementor-element-79d8cf8 e-con-full e-flex e-con e-child\" data-id=\"79d8cf8\" data-element_type=\"container\" data-e-type=\"container\" data-settings=\"{&quot;background_background&quot;:&quot;classic&quot;}\">\n\t\t\t\t<div class=\"elementor-element elementor-element-ef3a190 elementor-widget elementor-widget-heading\" data-id=\"ef3a190\" data-element_type=\"widget\" data-e-type=\"widget\" data-widget_type=\"heading.default\">\n\t\t\t\t<div class=\"elementor-widget-container\">\n\t\t\t\t\t<h4 class=\"elementor-heading-title elementor-size-default\">M\u00e1s flexibilidad de personalizaci\u00f3n<\/h4>\t\t\t\t<\/div>\n\t\t\t\t<\/div>\n\t\t\t\t<div class=\"elementor-element elementor-element-2da263c elementor-widget elementor-widget-text-editor\" data-id=\"2da263c\" data-element_type=\"widget\" data-e-type=\"widget\" data-widget_type=\"text-editor.default\">\n\t\t\t\t<div class=\"elementor-widget-container\">\n\t\t\t\t\t\t\t\t\t<p>Como experto <a href=\"https:\/\/chisourcing.com\/\">empresa de suministro<\/a>, nos destacamos en la personalizaci\u00f3n y fabricaci\u00f3n de productos. Podemos ayudarle en el desarrollo de productos, personalizaci\u00f3n de envases y otras tareas que otras empresas de dropshipping no pueden ofrecer.<\/p>\t\t\t\t\t\t\t\t<\/div>\n\t\t\t\t<\/div>\n\t\t\t\t<\/div>\n\t\t<div class=\"elementor-element elementor-element-05f02ba e-con-full e-flex e-con e-child\" data-id=\"05f02ba\" data-element_type=\"container\" data-e-type=\"container\" data-settings=\"{&quot;background_background&quot;:&quot;classic&quot;}\">\n\t\t\t\t<div class=\"elementor-element elementor-element-d63f2d7 elementor-widget elementor-widget-heading\" data-id=\"d63f2d7\" data-element_type=\"widget\" data-e-type=\"widget\" data-widget_type=\"heading.default\">\n\t\t\t\t<div class=\"elementor-widget-container\">\n\t\t\t\t\t<h4 class=\"elementor-heading-title elementor-size-default\">Soluciones inform\u00e1ticas internas<\/h4>\t\t\t\t<\/div>\n\t\t\t\t<\/div>\n\t\t\t\t<div class=\"elementor-element elementor-element-8ab88ee elementor-widget elementor-widget-text-editor\" data-id=\"8ab88ee\" data-element_type=\"widget\" data-e-type=\"widget\" data-widget_type=\"text-editor.default\">\n\t\t\t\t<div class=\"elementor-widget-container\">\n\t\t\t\t\t\t\t\t\t<p>Tanto si su tienda est\u00e1 instalada en <a href=\"https:\/\/chisourcing.com\/amazon-fba\/\">plataformas<\/a> como Shopify o dispone de un sistema propio, nuestro equipo inform\u00e1tico especializado puede integrar perfectamente su tienda con nuestro sistema y proporcionarle <a href=\"https:\/\/chisourcing.com\/faq\/\">asistencia t\u00e9cnica completa<\/a>.<\/p>\t\t\t\t\t\t\t\t<\/div>\n\t\t\t\t<\/div>\n\t\t\t\t<\/div>\n\t\t<div class=\"elementor-element elementor-element-bceef77 e-con-full e-flex e-con e-child\" data-id=\"bceef77\" data-element_type=\"container\" data-e-type=\"container\">\n\t\t\t\t<div class=\"elementor-element elementor-element-92d6e65 elementor-widget elementor-widget-button\" data-id=\"92d6e65\" data-element_type=\"widget\" data-e-type=\"widget\" data-widget_type=\"button.default\">\n\t\t\t\t<div class=\"elementor-widget-container\">\n\t\t\t\t\t\t\t\t\t<div class=\"elementor-button-wrapper\">\n\t\t\t\t\t<a class=\"elementor-button elementor-button-link elementor-size-sm\" href=\"\/contact-us\/\">\n\t\t\t\t\t\t<span class=\"elementor-button-content-wrapper\">\n\t\t\t\t\t\t\t\t\t<span class=\"elementor-button-text\">Empezar Dropshipping<\/span>\n\t\t\t\t\t<\/span>\n\t\t\t\t\t<\/a>\n\t\t\t\t<\/div>\n\t\t\t\t\t\t\t\t<\/div>\n\t\t\t\t<\/div>\n\t\t\t\t<\/div>\n\t\t\t\t<\/div>\n\t\t\t\t\t<\/div>\n\t\t\t\t<\/div>\n\t\t<div class=\"elementor-element elementor-element-48aef79 e-flex e-con-boxed e-con e-parent\" data-id=\"48aef79\" data-element_type=\"container\" data-e-type=\"container\">\n\t\t\t\t\t<div class=\"e-con-inner\">\n\t\t<div class=\"elementor-element elementor-element-6a4d01e e-con-full e-flex e-con e-child\" data-id=\"6a4d01e\" data-element_type=\"container\" data-e-type=\"container\">\n\t\t\t\t<div class=\"elementor-element elementor-element-9a33bf3 elementor-widget elementor-widget-heading\" data-id=\"9a33bf3\" data-element_type=\"widget\" data-e-type=\"widget\" data-widget_type=\"heading.default\">\n\t\t\t\t<div class=\"elementor-widget-container\">\n\t\t\t\t\t<h2 class=\"elementor-heading-title elementor-size-default\">Dropship con Sourcing Agent en 4 sencillos pasos<\/h2>\t\t\t\t<\/div>\n\t\t\t\t<\/div>\n\t\t\t\t<\/div>\n\t\t<div class=\"elementor-element elementor-element-b946ea7 e-con-full e-flex e-con e-child\" data-id=\"b946ea7\" data-element_type=\"container\" data-e-type=\"container\">\n\t\t\t\t<div class=\"elementor-element elementor-element-c85aed0 elementor-mobile-align-center elementor-icon-list--layout-traditional elementor-list-item-link-full_width elementor-widget elementor-widget-icon-list\" data-id=\"c85aed0\" data-element_type=\"widget\" data-e-type=\"widget\" data-widget_type=\"icon-list.default\">\n\t\t\t\t<div class=\"elementor-widget-container\">\n\t\t\t\t\t\t\t<ul class=\"elementor-icon-list-items\">\n\t\t\t\t\t\t\t<li class=\"elementor-icon-list-item\">\n\t\t\t\t\t\t\t\t\t\t<span class=\"elementor-icon-list-text\">Env\u00ede su consulta y elija un plan de servicio.<\/span>\n\t\t\t\t\t\t\t\t\t<\/li>\n\t\t\t\t\t\t\t\t<li class=\"elementor-icon-list-item\">\n\t\t\t\t\t\t\t\t\t\t<span class=\"elementor-icon-list-text\">Hacemos un seguimiento de la producci\u00f3n y recogemos los productos en nuestro almac\u00e9n.<\/span>\n\t\t\t\t\t\t\t\t\t<\/li>\n\t\t\t\t\t\t\t\t<li class=\"elementor-icon-list-item\">\n\t\t\t\t\t\t\t\t\t\t<span class=\"elementor-icon-list-text\">Integramos su tienda con nuestro sistema y realizamos los pedidos para sus clientes finales<\/span>\n\t\t\t\t\t\t\t\t\t<\/li>\n\t\t\t\t\t\t\t\t<li class=\"elementor-icon-list-item\">\n\t\t\t\t\t\t\t\t\t\t<span class=\"elementor-icon-list-text\">El sistema actualiza autom\u00e1ticamente el seguimiento log\u00edstico y el estado de los pedidos.<\/span>\n\t\t\t\t\t\t\t\t\t<\/li>\n\t\t\t\t\t\t<\/ul>\n\t\t\t\t\t\t<\/div>\n\t\t\t\t<\/div>\n\t\t\t\t<\/div>\n\t\t<div class=\"elementor-element elementor-element-84eb799 e-con-full e-flex e-con e-child\" data-id=\"84eb799\" data-element_type=\"container\" data-e-type=\"container\">\n\t\t\t\t<div class=\"elementor-element elementor-element-01cbb65 elementor-widget elementor-widget-image\" data-id=\"01cbb65\" data-element_type=\"widget\" data-e-type=\"widget\" data-widget_type=\"image.default\">\n\t\t\t\t<div class=\"elementor-widget-container\">\n\t\t\t\t\t\t\t\t\t\t\t\t\t\t\t<img fetchpriority=\"high\" decoding=\"async\" width=\"600\" height=\"401\" src=\"https:\/\/chisourcing.com\/wp-content\/uploads\/2025\/11\/service-img3.jpg\" class=\"attachment-large size-large wp-image-2612\" alt=\"\" srcset=\"https:\/\/chisourcing.com\/wp-content\/uploads\/2025\/11\/service-img3.jpg 600w, https:\/\/chisourcing.com\/wp-content\/uploads\/2025\/11\/service-img3-300x201.jpg 300w, https:\/\/chisourcing.com\/wp-content\/uploads\/2025\/11\/service-img3-18x12.jpg 18w\" sizes=\"(max-width: 600px) 100vw, 600px\" \/>\t\t\t\t\t\t\t\t\t\t\t\t\t\t\t<\/div>\n\t\t\t\t<\/div>\n\t\t\t\t<\/div>\n\t\t<div class=\"elementor-element elementor-element-fa84e2b e-con-full e-flex e-con e-child\" data-id=\"fa84e2b\" data-element_type=\"container\" data-e-type=\"container\">\n\t\t\t\t<div class=\"elementor-element elementor-element-bbb086a elementor-widget elementor-widget-button\" data-id=\"bbb086a\" data-element_type=\"widget\" data-e-type=\"widget\" data-widget_type=\"button.default\">\n\t\t\t\t<div class=\"elementor-widget-container\">\n\t\t\t\t\t\t\t\t\t<div class=\"elementor-button-wrapper\">\n\t\t\t\t\t<a class=\"elementor-button elementor-button-link elementor-size-sm\" href=\"\/contact-us\/\">\n\t\t\t\t\t\t<span class=\"elementor-button-content-wrapper\">\n\t\t\t\t\t\t\t\t\t<span class=\"elementor-button-text\">Empezar Dropshipping<\/span>\n\t\t\t\t\t<\/span>\n\t\t\t\t\t<\/a>\n\t\t\t\t<\/div>\n\t\t\t\t\t\t\t\t<\/div>\n\t\t\t\t<\/div>\n\t\t\t\t<\/div>\n\t\t\t\t\t<\/div>\n\t\t\t\t<\/div>\n\t\t\t\t<\/div>","protected":false},"excerpt":{"rendered":"<p>We Help You Dropship Worldwide In addition to shipping your products in bulk, we can also deliver your products individually to your end customers if you make a single order worth $1,000 or more under our Pro Plan or Basic Plan. Why choose Sourcing Agent for dropshipping Competitive product prices We specialize in finding and [&hellip;]<\/p>\n","protected":false},"author":1,"featured_media":0,"parent":0,"menu_order":0,"comment_status":"closed","ping_status":"closed","template":"","meta":{"site-sidebar-layout":"no-sidebar","site-content-layout":"page-builder","ast-site-content-layout":"full-width-container","site-content-style":"default","site-sidebar-style":"default","ast-global-header-display":"","ast-banner-title-visibility":"","ast-main-header-display":"","ast-hfb-above-header-display":"","ast-hfb-below-header-display":"","ast-hfb-mobile-header-display":"","site-post-title":"","ast-breadcrumbs-content":"","ast-featured-img":"disabled","footer-sml-layout":"","ast-disable-related-posts":"","theme-transparent-header-meta":"","adv-header-id-meta":"","stick-header-meta":"","header-above-stick-meta":"","header-main-stick-meta":"","header-below-stick-meta":"","astra-migrate-meta-layouts":"set","ast-page-background-enabled":"default","ast-page-background-meta":{"desktop":{"background-color":"","background-image":"","background-repeat":"repeat","background-position":"center center","background-size":"auto","background-attachment":"scroll","background-type":"","background-media":"","overlay-type":"","overlay-color":"","overlay-opacity":"","overlay-gradient":""},"tablet":{"background-color":"","background-image":"","background-repeat":"repeat","background-position":"center center","background-size":"auto","background-attachment":"scroll","background-type":"","background-media":"","overlay-type":"","overlay-color":"","overlay-opacity":"","overlay-gradient":""},"mobile":{"background-color":"","background-image":"","background-repeat":"repeat","background-position":"center center","background-size":"auto","background-attachment":"scroll","background-type":"","background-media":"","overlay-type":"","overlay-color":"","overlay-opacity":"","overlay-gradient":""}},"ast-content-background-meta":{"desktop":{"background-color":"var(--ast-global-color-5)","background-image":"","background-repeat":"repeat","background-position":"center center","background-size":"auto","background-attachment":"scroll","background-type":"","background-media":"","overlay-type":"","overlay-color":"","overlay-opacity":"","overlay-gradient":""},"tablet":{"background-color":"var(--ast-global-color-5)","background-image":"","background-repeat":"repeat","background-position":"center center","background-size":"auto","background-attachment":"scroll","background-type":"","background-media":"","overlay-type":"","overlay-color":"","overlay-opacity":"","overlay-gradient":""},"mobile":{"background-color":"var(--ast-global-color-5)","background-image":"","background-repeat":"repeat","background-position":"center center","background-size":"auto","background-attachment":"scroll","background-type":"","background-media":"","overlay-type":"","overlay-color":"","overlay-opacity":"","overlay-gradient":""}},"footnotes":""},"class_list":["post-1428","page","type-page","status-publish","hentry"],"yoast_head":"<!-- This site is optimized with the Yoast SEO plugin v27.4 - https:\/\/yoast.com\/product\/yoast-seo-wordpress\/ -->\n<title>Dropshipping Service - ChiSouring<\/title>\n<meta name=\"description\" content=\"ChiSourcing offers reliable China dropshipping with factory sourcing, low logistics costs, custom packaging, and Shopify integration. Start global dropshipping easily.\" \/>\n<meta name=\"robots\" content=\"index, follow, max-snippet:-1, max-image-preview:large, max-video-preview:-1\" \/>\n<link rel=\"canonical\" href=\"https:\/\/chisourcing.com\/es\/servicio-dropshipping\/\" \/>\n<meta property=\"og:locale\" content=\"es_ES\" \/>\n<meta property=\"og:type\" content=\"article\" \/>\n<meta property=\"og:title\" content=\"Dropshipping Service - ChiSouring\" \/>\n<meta property=\"og:description\" content=\"ChiSourcing offers reliable China dropshipping with factory sourcing, low logistics costs, custom packaging, and Shopify integration. Start global dropshipping easily.\" \/>\n<meta property=\"og:url\" content=\"https:\/\/chisourcing.com\/es\/servicio-dropshipping\/\" \/>\n<meta property=\"og:site_name\" content=\"ChiSouring\" \/>\n<meta property=\"article:modified_time\" content=\"2025-11-27T05:43:40+00:00\" \/>\n<meta property=\"og:image\" content=\"https:\/\/chisourcing.com\/wp-content\/uploads\/2025\/11\/service-img3.jpg\" \/>\n<meta name=\"twitter:card\" content=\"summary_large_image\" \/>\n<meta name=\"twitter:label1\" content=\"Tiempo de lectura\" \/>\n\t<meta name=\"twitter:data1\" content=\"2 minutos\" \/>\n<script type=\"application\/ld+json\" class=\"yoast-schema-graph\">{\"@context\":\"https:\\\/\\\/schema.org\",\"@graph\":[{\"@type\":\"WebPage\",\"@id\":\"https:\\\/\\\/chisourcing.com\\\/dropshipping-service\\\/\",\"url\":\"https:\\\/\\\/chisourcing.com\\\/dropshipping-service\\\/\",\"name\":\"Dropshipping Service - ChiSouring\",\"isPartOf\":{\"@id\":\"https:\\\/\\\/chisourcing.com\\\/#website\"},\"primaryImageOfPage\":{\"@id\":\"https:\\\/\\\/chisourcing.com\\\/dropshipping-service\\\/#primaryimage\"},\"image\":{\"@id\":\"https:\\\/\\\/chisourcing.com\\\/dropshipping-service\\\/#primaryimage\"},\"thumbnailUrl\":\"https:\\\/\\\/chisourcing.com\\\/wp-content\\\/uploads\\\/2025\\\/11\\\/service-img3.jpg\",\"datePublished\":\"2025-10-17T08:10:07+00:00\",\"dateModified\":\"2025-11-27T05:43:40+00:00\",\"description\":\"ChiSourcing offers reliable China dropshipping with factory sourcing, low logistics costs, custom packaging, and Shopify integration. Start global dropshipping easily.\",\"breadcrumb\":{\"@id\":\"https:\\\/\\\/chisourcing.com\\\/dropshipping-service\\\/#breadcrumb\"},\"inLanguage\":\"es\",\"potentialAction\":[{\"@type\":\"ReadAction\",\"target\":[\"https:\\\/\\\/chisourcing.com\\\/dropshipping-service\\\/\"]}]},{\"@type\":\"ImageObject\",\"inLanguage\":\"es\",\"@id\":\"https:\\\/\\\/chisourcing.com\\\/dropshipping-service\\\/#primaryimage\",\"url\":\"https:\\\/\\\/chisourcing.com\\\/wp-content\\\/uploads\\\/2025\\\/11\\\/service-img3.jpg\",\"contentUrl\":\"https:\\\/\\\/chisourcing.com\\\/wp-content\\\/uploads\\\/2025\\\/11\\\/service-img3.jpg\"},{\"@type\":\"BreadcrumbList\",\"@id\":\"https:\\\/\\\/chisourcing.com\\\/dropshipping-service\\\/#breadcrumb\",\"itemListElement\":[{\"@type\":\"ListItem\",\"position\":1,\"name\":\"Home\",\"item\":\"https:\\\/\\\/chisourcing.com\\\/\"},{\"@type\":\"ListItem\",\"position\":2,\"name\":\"Dropshipping Service\"}]},{\"@type\":\"WebSite\",\"@id\":\"https:\\\/\\\/chisourcing.com\\\/#website\",\"url\":\"https:\\\/\\\/chisourcing.com\\\/\",\"name\":\"ChiSouring\",\"description\":\"China Supplier\",\"publisher\":{\"@id\":\"https:\\\/\\\/chisourcing.com\\\/#organization\"},\"alternateName\":\"ChiSouring\",\"potentialAction\":[{\"@type\":\"SearchAction\",\"target\":{\"@type\":\"EntryPoint\",\"urlTemplate\":\"https:\\\/\\\/chisourcing.com\\\/?s={search_term_string}\"},\"query-input\":{\"@type\":\"PropertyValueSpecification\",\"valueRequired\":true,\"valueName\":\"search_term_string\"}}],\"inLanguage\":\"es\"},{\"@type\":\"Organization\",\"@id\":\"https:\\\/\\\/chisourcing.com\\\/#organization\",\"name\":\"ChiSouring\",\"alternateName\":\"ChiSouring\",\"url\":\"https:\\\/\\\/chisourcing.com\\\/\",\"logo\":{\"@type\":\"ImageObject\",\"inLanguage\":\"es\",\"@id\":\"https:\\\/\\\/chisourcing.com\\\/#\\\/schema\\\/logo\\\/image\\\/\",\"url\":\"https:\\\/\\\/chisourcing.com\\\/wp-content\\\/uploads\\\/2025\\\/11\\\/logo-2.png\",\"contentUrl\":\"https:\\\/\\\/chisourcing.com\\\/wp-content\\\/uploads\\\/2025\\\/11\\\/logo-2.png\",\"width\":801,\"height\":135,\"caption\":\"ChiSouring\"},\"image\":{\"@id\":\"https:\\\/\\\/chisourcing.com\\\/#\\\/schema\\\/logo\\\/image\\\/\"}}]}<\/script>\n<!-- \/ Yoast SEO plugin. -->","yoast_head_json":{"title":"Servicio de Dropshipping - ChiSouring","description":"ChiSourcing ofrece dropshipping fiable en China con abastecimiento de f\u00e1brica, bajos costes log\u00edsticos, embalaje personalizado e integraci\u00f3n con Shopify. Empieza a hacer dropshipping global f\u00e1cilmente.","robots":{"index":"index","follow":"follow","max-snippet":"max-snippet:-1","max-image-preview":"max-image-preview:large","max-video-preview":"max-video-preview:-1"},"canonical":"https:\/\/chisourcing.com\/es\/servicio-dropshipping\/","og_locale":"es_ES","og_type":"article","og_title":"Dropshipping Service - ChiSouring","og_description":"ChiSourcing offers reliable China dropshipping with factory sourcing, low logistics costs, custom packaging, and Shopify integration. Start global dropshipping easily.","og_url":"https:\/\/chisourcing.com\/es\/servicio-dropshipping\/","og_site_name":"ChiSouring","article_modified_time":"2025-11-27T05:43:40+00:00","og_image":[{"url":"https:\/\/chisourcing.com\/wp-content\/uploads\/2025\/11\/service-img3.jpg","type":"","width":"","height":""}],"twitter_card":"summary_large_image","twitter_misc":{"Tiempo de lectura":"2 minutos"},"schema":{"@context":"https:\/\/schema.org","@graph":[{"@type":"WebPage","@id":"https:\/\/chisourcing.com\/dropshipping-service\/","url":"https:\/\/chisourcing.com\/dropshipping-service\/","name":"Servicio de Dropshipping - ChiSouring","isPartOf":{"@id":"https:\/\/chisourcing.com\/#website"},"primaryImageOfPage":{"@id":"https:\/\/chisourcing.com\/dropshipping-service\/#primaryimage"},"image":{"@id":"https:\/\/chisourcing.com\/dropshipping-service\/#primaryimage"},"thumbnailUrl":"https:\/\/chisourcing.com\/wp-content\/uploads\/2025\/11\/service-img3.jpg","datePublished":"2025-10-17T08:10:07+00:00","dateModified":"2025-11-27T05:43:40+00:00","description":"ChiSourcing ofrece dropshipping fiable en China con abastecimiento de f\u00e1brica, bajos costes log\u00edsticos, embalaje personalizado e integraci\u00f3n con Shopify. Empieza a hacer dropshipping global f\u00e1cilmente.","breadcrumb":{"@id":"https:\/\/chisourcing.com\/dropshipping-service\/#breadcrumb"},"inLanguage":"es","potentialAction":[{"@type":"ReadAction","target":["https:\/\/chisourcing.com\/dropshipping-service\/"]}]},{"@type":"ImageObject","inLanguage":"es","@id":"https:\/\/chisourcing.com\/dropshipping-service\/#primaryimage","url":"https:\/\/chisourcing.com\/wp-content\/uploads\/2025\/11\/service-img3.jpg","contentUrl":"https:\/\/chisourcing.com\/wp-content\/uploads\/2025\/11\/service-img3.jpg"},{"@type":"BreadcrumbList","@id":"https:\/\/chisourcing.com\/dropshipping-service\/#breadcrumb","itemListElement":[{"@type":"ListItem","position":1,"name":"Home","item":"https:\/\/chisourcing.com\/"},{"@type":"ListItem","position":2,"name":"Dropshipping Service"}]},{"@type":"WebSite","@id":"https:\/\/chisourcing.com\/#website","url":"https:\/\/chisourcing.com\/","name":"ChiSouring","description":"Proveedor en China","publisher":{"@id":"https:\/\/chisourcing.com\/#organization"},"alternateName":"ChiSouring","potentialAction":[{"@type":"SearchAction","target":{"@type":"EntryPoint","urlTemplate":"https:\/\/chisourcing.com\/?s={search_term_string}"},"query-input":{"@type":"PropertyValueSpecification","valueRequired":true,"valueName":"search_term_string"}}],"inLanguage":"es"},{"@type":"Organization","@id":"https:\/\/chisourcing.com\/#organization","name":"ChiSouring","alternateName":"ChiSouring","url":"https:\/\/chisourcing.com\/","logo":{"@type":"ImageObject","inLanguage":"es","@id":"https:\/\/chisourcing.com\/#\/schema\/logo\/image\/","url":"https:\/\/chisourcing.com\/wp-content\/uploads\/2025\/11\/logo-2.png","contentUrl":"https:\/\/chisourcing.com\/wp-content\/uploads\/2025\/11\/logo-2.png","width":801,"height":135,"caption":"ChiSouring"},"image":{"@id":"https:\/\/chisourcing.com\/#\/schema\/logo\/image\/"}}]}},"_links":{"self":[{"href":"https:\/\/chisourcing.com\/es\/wp-json\/wp\/v2\/pages\/1428","targetHints":{"allow":["GET"]}}],"collection":[{"href":"https:\/\/chisourcing.com\/es\/wp-json\/wp\/v2\/pages"}],"about":[{"href":"https:\/\/chisourcing.com\/es\/wp-json\/wp\/v2\/types\/page"}],"author":[{"embeddable":true,"href":"https:\/\/chisourcing.com\/es\/wp-json\/wp\/v2\/users\/1"}],"replies":[{"embeddable":true,"href":"https:\/\/chisourcing.com\/es\/wp-json\/wp\/v2\/comments?post=1428"}],"version-history":[{"count":181,"href":"https:\/\/chisourcing.com\/es\/wp-json\/wp\/v2\/pages\/1428\/revisions"}],"predecessor-version":[{"id":7038,"href":"https:\/\/chisourcing.com\/es\/wp-json\/wp\/v2\/pages\/1428\/revisions\/7038"}],"wp:attachment":[{"href":"https:\/\/chisourcing.com\/es\/wp-json\/wp\/v2\/media?parent=1428"}],"curies":[{"name":"wp","href":"https:\/\/api.w.org\/{rel}","templated":true}]}}