{"id":1436,"date":"2025-10-17T08:11:43","date_gmt":"2025-10-17T08:11:43","guid":{"rendered":"https:\/\/chisourcing.com\/?page_id=1436"},"modified":"2025-11-27T05:50:04","modified_gmt":"2025-11-27T05:50:04","slug":"produktentwicklung","status":"publish","type":"page","link":"https:\/\/chisourcing.com\/de\/product-development\/","title":{"rendered":"Produktentwicklung"},"content":{"rendered":"<div data-elementor-type=\"wp-page\" data-elementor-id=\"1436\" class=\"elementor elementor-1436\" data-elementor-post-type=\"page\">\n\t\t\t\t<div class=\"elementor-element elementor-element-e1922f9 e-flex e-con-boxed e-con e-parent\" data-id=\"e1922f9\" data-element_type=\"container\" data-e-type=\"container\" data-settings=\"{&quot;background_background&quot;:&quot;classic&quot;}\">\n\t\t\t\t\t<div class=\"e-con-inner\">\n\t\t\t\t<div class=\"elementor-element elementor-element-b9699b2 elementor-widget elementor-widget-heading\" data-id=\"b9699b2\" data-element_type=\"widget\" data-e-type=\"widget\" data-widget_type=\"heading.default\">\n\t\t\t\t<div class=\"elementor-widget-container\">\n\t\t\t\t\t<h2 class=\"elementor-heading-title elementor-size-default\">Entwickeln Sie Ihr Produkt von Grund auf neu<\/h2>\t\t\t\t<\/div>\n\t\t\t\t<\/div>\n\t\t\t\t<div class=\"elementor-element elementor-element-16bc1d4 elementor-widget elementor-widget-text-editor\" data-id=\"16bc1d4\" data-element_type=\"widget\" data-e-type=\"widget\" data-widget_type=\"text-editor.default\">\n\t\t\t\t<div class=\"elementor-widget-container\">\n\t\t\t\t\t\t\t\t\tEin neues Produkt ins Leben zu rufen ist eine Herausforderung. Wir begleiten Sie von <a href=\"https:\/\/chisourcing.com\/photos-designs\/\">Prototyp<\/a> zu starten.\t\t\t\t\t\t\t\t<\/div>\n\t\t\t\t<\/div>\n\t\t\t\t<div class=\"elementor-element elementor-element-972bfa5 elementor-widget elementor-widget-button\" data-id=\"972bfa5\" data-element_type=\"widget\" data-e-type=\"widget\" data-widget_type=\"button.default\">\n\t\t\t\t<div class=\"elementor-widget-container\">\n\t\t\t\t\t\t\t\t\t<div class=\"elementor-button-wrapper\">\n\t\t\t\t\t<a class=\"elementor-button elementor-button-link elementor-size-sm\" href=\"\/contact-us\/\">\n\t\t\t\t\t\t<span class=\"elementor-button-content-wrapper\">\n\t\t\t\t\t\t\t\t\t<span class=\"elementor-button-text\">Sprechen Sie mit unserem Agenten<\/span>\n\t\t\t\t\t<\/span>\n\t\t\t\t\t<\/a>\n\t\t\t\t<\/div>\n\t\t\t\t\t\t\t\t<\/div>\n\t\t\t\t<\/div>\n\t\t\t\t\t<\/div>\n\t\t\t\t<\/div>\n\t\t<div class=\"elementor-element elementor-element-2ef93cd e-flex e-con-boxed e-con e-parent\" data-id=\"2ef93cd\" data-element_type=\"container\" data-e-type=\"container\">\n\t\t\t\t\t<div class=\"e-con-inner\">\n\t\t<div class=\"elementor-element elementor-element-e45ed94 e-con-full e-flex e-con e-child\" data-id=\"e45ed94\" data-element_type=\"container\" data-e-type=\"container\">\n\t\t\t\t<div class=\"elementor-element elementor-element-f642146 elementor-widget elementor-widget-image\" data-id=\"f642146\" data-element_type=\"widget\" data-e-type=\"widget\" data-widget_type=\"image.default\">\n\t\t\t\t<div class=\"elementor-widget-container\">\n\t\t\t\t\t\t\t\t\t\t\t\t\t\t\t<img fetchpriority=\"high\" decoding=\"async\" width=\"500\" height=\"337\" src=\"https:\/\/chisourcing.com\/wp-content\/uploads\/2025\/11\/solution-img1.jpg\" class=\"attachment-large size-large wp-image-2624\" alt=\"\" srcset=\"https:\/\/chisourcing.com\/wp-content\/uploads\/2025\/11\/solution-img1.jpg 500w, https:\/\/chisourcing.com\/wp-content\/uploads\/2025\/11\/solution-img1-300x202.jpg 300w, https:\/\/chisourcing.com\/wp-content\/uploads\/2025\/11\/solution-img1-18x12.jpg 18w\" sizes=\"(max-width: 500px) 100vw, 500px\" \/>\t\t\t\t\t\t\t\t\t\t\t\t\t\t\t<\/div>\n\t\t\t\t<\/div>\n\t\t\t\t<\/div>\n\t\t<div class=\"elementor-element elementor-element-0926978 e-con-full e-flex e-con e-child\" data-id=\"0926978\" data-element_type=\"container\" data-e-type=\"container\">\n\t\t\t\t<div class=\"elementor-element elementor-element-66276ad elementor-widget elementor-widget-heading\" data-id=\"66276ad\" data-element_type=\"widget\" data-e-type=\"widget\" data-widget_type=\"heading.default\">\n\t\t\t\t<div class=\"elementor-widget-container\">\n\t\t\t\t\t<h4 class=\"elementor-heading-title elementor-size-default\">Finden Sie Fabriken und sch\u00e4tzen Sie die Kosten f\u00fcr Ihr Projekt<\/h4>\t\t\t\t<\/div>\n\t\t\t\t<\/div>\n\t\t\t\t<div class=\"elementor-element elementor-element-50defa7 elementor-widget elementor-widget-text-editor\" data-id=\"50defa7\" data-element_type=\"widget\" data-e-type=\"widget\" data-widget_type=\"text-editor.default\">\n\t\t\t\t<div class=\"elementor-widget-container\">\n\t\t\t\t\t\t\t\t\t<p>Wir bringen Sie mit den besten Fabriken in China zusammen und erstellen eine Kostenaufstellung f\u00fcr Ihre <a href=\"https:\/\/chisourcing.com\/product-development\/\">Produktentwicklung<\/a>, Dazu geh\u00f6ren die Kosten f\u00fcr den Prototyp, das Gie\u00dfen, die Pr\u00fcfung, die Gro\u00dfbestellung, die Verpackung und den Versand. Wir bieten auch die beste Beratung \u00fcber Handwerk, Materialien und Verpackung.<\/p>\t\t\t\t\t\t\t\t<\/div>\n\t\t\t\t<\/div>\n\t\t\t\t<\/div>\n\t\t<div class=\"elementor-element elementor-element-713a773 e-con-full e-flex e-con e-child\" data-id=\"713a773\" data-element_type=\"container\" data-e-type=\"container\">\n\t\t\t\t<div class=\"elementor-element elementor-element-8dd3941 elementor-widget elementor-widget-heading\" data-id=\"8dd3941\" data-element_type=\"widget\" data-e-type=\"widget\" data-widget_type=\"heading.default\">\n\t\t\t\t<div class=\"elementor-widget-container\">\n\t\t\t\t\t<h4 class=\"elementor-heading-title elementor-size-default\">Erstellung des Prototyps auf der Grundlage Ihrer Produktideen<\/h4>\t\t\t\t<\/div>\n\t\t\t\t<\/div>\n\t\t\t\t<div class=\"elementor-element elementor-element-6b6cba4 elementor-widget elementor-widget-text-editor\" data-id=\"6b6cba4\" data-element_type=\"widget\" data-e-type=\"widget\" data-widget_type=\"text-editor.default\">\n\t\t\t\t<div class=\"elementor-widget-container\">\n\t\t\t\t\t\t\t\t\t<p>Wir unterst\u00fctzen die Fabrik bei der Herstellung eines Prototyps nach Ihren Vorgaben. <a href=\"https:\/\/chisourcing.com\/photos-designs\/\">3D-Entwurf<\/a>. Der Prototyp kostet nur $100 und kann in 3-7 Tagen fertiggestellt werden.<\/p>\t\t\t\t\t\t\t\t<\/div>\n\t\t\t\t<\/div>\n\t\t\t\t<\/div>\n\t\t<div class=\"elementor-element elementor-element-5df8d53 e-con-full e-flex e-con e-child\" data-id=\"5df8d53\" data-element_type=\"container\" data-e-type=\"container\">\n\t\t\t\t<div class=\"elementor-element elementor-element-5507dbc elementor-widget elementor-widget-image\" data-id=\"5507dbc\" data-element_type=\"widget\" data-e-type=\"widget\" data-widget_type=\"image.default\">\n\t\t\t\t<div class=\"elementor-widget-container\">\n\t\t\t\t\t\t\t\t\t\t\t\t\t\t\t<img decoding=\"async\" width=\"500\" height=\"337\" src=\"https:\/\/chisourcing.com\/wp-content\/uploads\/2025\/11\/solution-img2.jpg\" class=\"attachment-large size-large wp-image-2625\" alt=\"\" srcset=\"https:\/\/chisourcing.com\/wp-content\/uploads\/2025\/11\/solution-img2.jpg 500w, https:\/\/chisourcing.com\/wp-content\/uploads\/2025\/11\/solution-img2-300x202.jpg 300w, https:\/\/chisourcing.com\/wp-content\/uploads\/2025\/11\/solution-img2-18x12.jpg 18w\" sizes=\"(max-width: 500px) 100vw, 500px\" \/>\t\t\t\t\t\t\t\t\t\t\t\t\t\t\t<\/div>\n\t\t\t\t<\/div>\n\t\t\t\t<\/div>\n\t\t<div class=\"elementor-element elementor-element-b77897e e-con-full e-flex e-con e-child\" data-id=\"b77897e\" data-element_type=\"container\" data-e-type=\"container\">\n\t\t\t\t<div class=\"elementor-element elementor-element-928410f elementor-widget elementor-widget-image\" data-id=\"928410f\" data-element_type=\"widget\" data-e-type=\"widget\" data-widget_type=\"image.default\">\n\t\t\t\t<div class=\"elementor-widget-container\">\n\t\t\t\t\t\t\t\t\t\t\t\t\t\t\t<img decoding=\"async\" width=\"500\" height=\"337\" src=\"https:\/\/chisourcing.com\/wp-content\/uploads\/2025\/11\/solution-img3.jpg\" class=\"attachment-large size-large wp-image-2626\" alt=\"\" srcset=\"https:\/\/chisourcing.com\/wp-content\/uploads\/2025\/11\/solution-img3.jpg 500w, https:\/\/chisourcing.com\/wp-content\/uploads\/2025\/11\/solution-img3-300x202.jpg 300w, https:\/\/chisourcing.com\/wp-content\/uploads\/2025\/11\/solution-img3-18x12.jpg 18w\" sizes=\"(max-width: 500px) 100vw, 500px\" \/>\t\t\t\t\t\t\t\t\t\t\t\t\t\t\t<\/div>\n\t\t\t\t<\/div>\n\t\t\t\t<\/div>\n\t\t<div class=\"elementor-element elementor-element-b39fa1b e-con-full e-flex e-con e-child\" data-id=\"b39fa1b\" data-element_type=\"container\" data-e-type=\"container\">\n\t\t\t\t<div class=\"elementor-element elementor-element-028313c elementor-widget elementor-widget-heading\" data-id=\"028313c\" data-element_type=\"widget\" data-e-type=\"widget\" data-widget_type=\"heading.default\">\n\t\t\t\t<div class=\"elementor-widget-container\">\n\t\t\t\t\t<h4 class=\"elementor-heading-title elementor-size-default\">Ma\u00dfgeschneiderte Verpackungen f\u00fcr Ihre Produkte<\/h4>\t\t\t\t<\/div>\n\t\t\t\t<\/div>\n\t\t\t\t<div class=\"elementor-element elementor-element-09a07e6 elementor-widget elementor-widget-text-editor\" data-id=\"09a07e6\" data-element_type=\"widget\" data-e-type=\"widget\" data-widget_type=\"text-editor.default\">\n\t\t\t\t<div class=\"elementor-widget-container\">\n\t\t\t\t\t\t\t\t\t<p>Sie m\u00fcssen sich nicht selbst auf die Suche nach Verpackungsherstellern und Designern machen. Wir arbeiten mit vielen <a href=\"https:\/\/chisourcing.com\/sourcing-pricing\/\">Verpackungsfabriken zum besten Preis<\/a> und unsere hauseigenen Designer k\u00f6nnen Ihnen bei der Gestaltung Ihrer Verpackung helfen und sie \u00fcberarbeiten, bis Sie zufrieden sind.<\/p>\t\t\t\t\t\t\t\t<\/div>\n\t\t\t\t<\/div>\n\t\t\t\t<\/div>\n\t\t<div class=\"elementor-element elementor-element-5b25db1 e-con-full e-flex e-con e-child\" data-id=\"5b25db1\" data-element_type=\"container\" data-e-type=\"container\">\n\t\t\t\t<div class=\"elementor-element elementor-element-621e464 elementor-widget elementor-widget-heading\" data-id=\"621e464\" data-element_type=\"widget\" data-e-type=\"widget\" data-widget_type=\"heading.default\">\n\t\t\t\t<div class=\"elementor-widget-container\">\n\t\t\t\t\t<h4 class=\"elementor-heading-title elementor-size-default\">Starten Sie die Massenproduktion und organisieren Sie den Versand<\/h4>\t\t\t\t<\/div>\n\t\t\t\t<\/div>\n\t\t\t\t<div class=\"elementor-element elementor-element-5274fe1 elementor-widget elementor-widget-text-editor\" data-id=\"5274fe1\" data-element_type=\"widget\" data-e-type=\"widget\" data-widget_type=\"text-editor.default\">\n\t\t\t\t<div class=\"elementor-widget-container\">\n\t\t\t\t\t\t\t\t\t<p>Nachdem die Muster perfektioniert sind, beginnt die Massenproduktion. Wir helfen Ihnen bei der \u00dcberwachung der Gro\u00dfhandelsproduktion und stellen sicher, dass die Produktqualit\u00e4t gut ist, bevor <a href=\"https:\/\/chisourcing.com\/shipping-solution\/\">ausliefernd<\/a> von China.<\/p>\t\t\t\t\t\t\t\t<\/div>\n\t\t\t\t<\/div>\n\t\t\t\t<\/div>\n\t\t<div class=\"elementor-element elementor-element-1b3e236 e-con-full e-flex e-con e-child\" data-id=\"1b3e236\" data-element_type=\"container\" data-e-type=\"container\">\n\t\t\t\t<div class=\"elementor-element elementor-element-03750bd elementor-widget elementor-widget-image\" data-id=\"03750bd\" data-element_type=\"widget\" data-e-type=\"widget\" data-widget_type=\"image.default\">\n\t\t\t\t<div class=\"elementor-widget-container\">\n\t\t\t\t\t\t\t\t\t\t\t\t\t\t\t<img loading=\"lazy\" decoding=\"async\" width=\"500\" height=\"337\" src=\"https:\/\/chisourcing.com\/wp-content\/uploads\/2025\/11\/solution-img4.jpg\" class=\"attachment-large size-large wp-image-2627\" alt=\"\" srcset=\"https:\/\/chisourcing.com\/wp-content\/uploads\/2025\/11\/solution-img4.jpg 500w, https:\/\/chisourcing.com\/wp-content\/uploads\/2025\/11\/solution-img4-300x202.jpg 300w, https:\/\/chisourcing.com\/wp-content\/uploads\/2025\/11\/solution-img4-18x12.jpg 18w\" sizes=\"(max-width: 500px) 100vw, 500px\" \/>\t\t\t\t\t\t\t\t\t\t\t\t\t\t\t<\/div>\n\t\t\t\t<\/div>\n\t\t\t\t<\/div>\n\t\t\t\t\t<\/div>\n\t\t\t\t<\/div>\n\t\t<div class=\"elementor-element elementor-element-619b791 e-flex e-con-boxed e-con e-parent\" data-id=\"619b791\" data-element_type=\"container\" data-e-type=\"container\" data-settings=\"{&quot;background_background&quot;:&quot;classic&quot;}\">\n\t\t\t\t\t<div class=\"e-con-inner\">\n\t\t\t\t<div class=\"elementor-element elementor-element-e17bf46 elementor-widget elementor-widget-heading\" data-id=\"e17bf46\" data-element_type=\"widget\" data-e-type=\"widget\" data-widget_type=\"heading.default\">\n\t\t\t\t<div class=\"elementor-widget-container\">\n\t\t\t\t\t<h3 class=\"elementor-heading-title elementor-size-default\">Bereit, Ihr eigenes Produkt zu entwickeln\uff1f<\/h3>\t\t\t\t<\/div>\n\t\t\t\t<\/div>\n\t\t\t\t<div class=\"elementor-element elementor-element-9485a26 elementor-widget elementor-widget-button\" data-id=\"9485a26\" data-element_type=\"widget\" data-e-type=\"widget\" data-widget_type=\"button.default\">\n\t\t\t\t<div class=\"elementor-widget-container\">\n\t\t\t\t\t\t\t\t\t<div class=\"elementor-button-wrapper\">\n\t\t\t\t\t<a class=\"elementor-button elementor-button-link elementor-size-sm\" href=\"\/contact-us\/\">\n\t\t\t\t\t\t<span class=\"elementor-button-content-wrapper\">\n\t\t\t\t\t\t\t\t\t<span class=\"elementor-button-text\">Sprechen Sie mit unserem Agenten<\/span>\n\t\t\t\t\t<\/span>\n\t\t\t\t\t<\/a>\n\t\t\t\t<\/div>\n\t\t\t\t\t\t\t\t<\/div>\n\t\t\t\t<\/div>\n\t\t\t\t\t<\/div>\n\t\t\t\t<\/div>\n\t\t\t\t<\/div>","protected":false},"excerpt":{"rendered":"<p>Develop Your Product from Scratch Bringing a new product to life is challenging. We guide you from prototype to launch. Talk with our agent Find factories and estimate the cost for your project We match you with the best factories in China and make a cost breakdown of your product development, including the cost of [&hellip;]<\/p>\n","protected":false},"author":1,"featured_media":0,"parent":0,"menu_order":0,"comment_status":"closed","ping_status":"closed","template":"","meta":{"site-sidebar-layout":"no-sidebar","site-content-layout":"page-builder","ast-site-content-layout":"full-width-container","site-content-style":"default","site-sidebar-style":"default","ast-global-header-display":"","ast-banner-title-visibility":"","ast-main-header-display":"","ast-hfb-above-header-display":"","ast-hfb-below-header-display":"","ast-hfb-mobile-header-display":"","site-post-title":"","ast-breadcrumbs-content":"","ast-featured-img":"disabled","footer-sml-layout":"","ast-disable-related-posts":"","theme-transparent-header-meta":"","adv-header-id-meta":"","stick-header-meta":"","header-above-stick-meta":"","header-main-stick-meta":"","header-below-stick-meta":"","astra-migrate-meta-layouts":"set","ast-page-background-enabled":"default","ast-page-background-meta":{"desktop":{"background-color":"","background-image":"","background-repeat":"repeat","background-position":"center center","background-size":"auto","background-attachment":"scroll","background-type":"","background-media":"","overlay-type":"","overlay-color":"","overlay-opacity":"","overlay-gradient":""},"tablet":{"background-color":"","background-image":"","background-repeat":"repeat","background-position":"center center","background-size":"auto","background-attachment":"scroll","background-type":"","background-media":"","overlay-type":"","overlay-color":"","overlay-opacity":"","overlay-gradient":""},"mobile":{"background-color":"","background-image":"","background-repeat":"repeat","background-position":"center center","background-size":"auto","background-attachment":"scroll","background-type":"","background-media":"","overlay-type":"","overlay-color":"","overlay-opacity":"","overlay-gradient":""}},"ast-content-background-meta":{"desktop":{"background-color":"var(--ast-global-color-5)","background-image":"","background-repeat":"repeat","background-position":"center center","background-size":"auto","background-attachment":"scroll","background-type":"","background-media":"","overlay-type":"","overlay-color":"","overlay-opacity":"","overlay-gradient":""},"tablet":{"background-color":"var(--ast-global-color-5)","background-image":"","background-repeat":"repeat","background-position":"center center","background-size":"auto","background-attachment":"scroll","background-type":"","background-media":"","overlay-type":"","overlay-color":"","overlay-opacity":"","overlay-gradient":""},"mobile":{"background-color":"var(--ast-global-color-5)","background-image":"","background-repeat":"repeat","background-position":"center center","background-size":"auto","background-attachment":"scroll","background-type":"","background-media":"","overlay-type":"","overlay-color":"","overlay-opacity":"","overlay-gradient":""}},"footnotes":""},"class_list":["post-1436","page","type-page","status-publish","hentry"],"yoast_head":"<!-- This site is optimized with the Yoast SEO plugin v27.4 - https:\/\/yoast.com\/product\/yoast-seo-wordpress\/ -->\n<title>Product Development - ChiSouring<\/title>\n<meta name=\"description\" content=\"Develop your product from scratch with ChiSourcing. From prototype design to custom packaging and mass production, we match you with top Chinese factories for quality and cost efficiency.\" \/>\n<meta name=\"robots\" content=\"index, follow, max-snippet:-1, max-image-preview:large, max-video-preview:-1\" \/>\n<link rel=\"canonical\" href=\"https:\/\/chisourcing.com\/de\/produktentwicklung\/\" \/>\n<meta property=\"og:locale\" content=\"de_DE\" \/>\n<meta property=\"og:type\" content=\"article\" \/>\n<meta property=\"og:title\" content=\"Product Development - ChiSouring\" \/>\n<meta property=\"og:description\" content=\"Develop your product from scratch with ChiSourcing. From prototype design to custom packaging and mass production, we match you with top Chinese factories for quality and cost efficiency.\" \/>\n<meta property=\"og:url\" content=\"https:\/\/chisourcing.com\/de\/produktentwicklung\/\" \/>\n<meta property=\"og:site_name\" content=\"ChiSouring\" \/>\n<meta property=\"article:modified_time\" content=\"2025-11-27T05:50:04+00:00\" \/>\n<meta property=\"og:image\" content=\"https:\/\/chisourcing.com\/wp-content\/uploads\/2025\/11\/solution-img1.jpg\" \/>\n<meta name=\"twitter:card\" content=\"summary_large_image\" \/>\n<meta name=\"twitter:label1\" content=\"Gesch\u00e4tzte Lesezeit\" \/>\n\t<meta name=\"twitter:data1\" content=\"2\u00a0Minuten\" \/>\n<script type=\"application\/ld+json\" class=\"yoast-schema-graph\">{\"@context\":\"https:\\\/\\\/schema.org\",\"@graph\":[{\"@type\":\"WebPage\",\"@id\":\"https:\\\/\\\/chisourcing.com\\\/product-development\\\/\",\"url\":\"https:\\\/\\\/chisourcing.com\\\/product-development\\\/\",\"name\":\"Product Development - ChiSouring\",\"isPartOf\":{\"@id\":\"https:\\\/\\\/chisourcing.com\\\/#website\"},\"primaryImageOfPage\":{\"@id\":\"https:\\\/\\\/chisourcing.com\\\/product-development\\\/#primaryimage\"},\"image\":{\"@id\":\"https:\\\/\\\/chisourcing.com\\\/product-development\\\/#primaryimage\"},\"thumbnailUrl\":\"https:\\\/\\\/chisourcing.com\\\/wp-content\\\/uploads\\\/2025\\\/11\\\/solution-img1.jpg\",\"datePublished\":\"2025-10-17T08:11:43+00:00\",\"dateModified\":\"2025-11-27T05:50:04+00:00\",\"description\":\"Develop your product from scratch with ChiSourcing. From prototype design to custom packaging and mass production, we match you with top Chinese factories for quality and cost efficiency.\",\"breadcrumb\":{\"@id\":\"https:\\\/\\\/chisourcing.com\\\/product-development\\\/#breadcrumb\"},\"inLanguage\":\"de\",\"potentialAction\":[{\"@type\":\"ReadAction\",\"target\":[\"https:\\\/\\\/chisourcing.com\\\/product-development\\\/\"]}]},{\"@type\":\"ImageObject\",\"inLanguage\":\"de\",\"@id\":\"https:\\\/\\\/chisourcing.com\\\/product-development\\\/#primaryimage\",\"url\":\"https:\\\/\\\/chisourcing.com\\\/wp-content\\\/uploads\\\/2025\\\/11\\\/solution-img1.jpg\",\"contentUrl\":\"https:\\\/\\\/chisourcing.com\\\/wp-content\\\/uploads\\\/2025\\\/11\\\/solution-img1.jpg\"},{\"@type\":\"BreadcrumbList\",\"@id\":\"https:\\\/\\\/chisourcing.com\\\/product-development\\\/#breadcrumb\",\"itemListElement\":[{\"@type\":\"ListItem\",\"position\":1,\"name\":\"Home\",\"item\":\"https:\\\/\\\/chisourcing.com\\\/\"},{\"@type\":\"ListItem\",\"position\":2,\"name\":\"Product Development\"}]},{\"@type\":\"WebSite\",\"@id\":\"https:\\\/\\\/chisourcing.com\\\/#website\",\"url\":\"https:\\\/\\\/chisourcing.com\\\/\",\"name\":\"ChiSouring\",\"description\":\"China Supplier\",\"publisher\":{\"@id\":\"https:\\\/\\\/chisourcing.com\\\/#organization\"},\"alternateName\":\"ChiSouring\",\"potentialAction\":[{\"@type\":\"SearchAction\",\"target\":{\"@type\":\"EntryPoint\",\"urlTemplate\":\"https:\\\/\\\/chisourcing.com\\\/?s={search_term_string}\"},\"query-input\":{\"@type\":\"PropertyValueSpecification\",\"valueRequired\":true,\"valueName\":\"search_term_string\"}}],\"inLanguage\":\"de\"},{\"@type\":\"Organization\",\"@id\":\"https:\\\/\\\/chisourcing.com\\\/#organization\",\"name\":\"ChiSouring\",\"alternateName\":\"ChiSouring\",\"url\":\"https:\\\/\\\/chisourcing.com\\\/\",\"logo\":{\"@type\":\"ImageObject\",\"inLanguage\":\"de\",\"@id\":\"https:\\\/\\\/chisourcing.com\\\/#\\\/schema\\\/logo\\\/image\\\/\",\"url\":\"https:\\\/\\\/chisourcing.com\\\/wp-content\\\/uploads\\\/2025\\\/11\\\/logo-2.png\",\"contentUrl\":\"https:\\\/\\\/chisourcing.com\\\/wp-content\\\/uploads\\\/2025\\\/11\\\/logo-2.png\",\"width\":801,\"height\":135,\"caption\":\"ChiSouring\"},\"image\":{\"@id\":\"https:\\\/\\\/chisourcing.com\\\/#\\\/schema\\\/logo\\\/image\\\/\"}}]}<\/script>\n<!-- \/ Yoast SEO plugin. -->","yoast_head_json":{"title":"Produktentwicklung - ChiSouring","description":"Entwickeln Sie Ihr Produkt von Grund auf mit ChiSourcing. Vom Entwurf des Prototyps \u00fcber die kundenspezifische Verpackung bis hin zur Massenproduktion bringen wir Sie mit den besten chinesischen Fabriken f\u00fcr Qualit\u00e4t und Kosteneffizienz zusammen.","robots":{"index":"index","follow":"follow","max-snippet":"max-snippet:-1","max-image-preview":"max-image-preview:large","max-video-preview":"max-video-preview:-1"},"canonical":"https:\/\/chisourcing.com\/de\/produktentwicklung\/","og_locale":"de_DE","og_type":"article","og_title":"Product Development - ChiSouring","og_description":"Develop your product from scratch with ChiSourcing. From prototype design to custom packaging and mass production, we match you with top Chinese factories for quality and cost efficiency.","og_url":"https:\/\/chisourcing.com\/de\/produktentwicklung\/","og_site_name":"ChiSouring","article_modified_time":"2025-11-27T05:50:04+00:00","og_image":[{"url":"https:\/\/chisourcing.com\/wp-content\/uploads\/2025\/11\/solution-img1.jpg","type":"","width":"","height":""}],"twitter_card":"summary_large_image","twitter_misc":{"Gesch\u00e4tzte Lesezeit":"2\u00a0Minuten"},"schema":{"@context":"https:\/\/schema.org","@graph":[{"@type":"WebPage","@id":"https:\/\/chisourcing.com\/product-development\/","url":"https:\/\/chisourcing.com\/product-development\/","name":"Produktentwicklung - ChiSouring","isPartOf":{"@id":"https:\/\/chisourcing.com\/#website"},"primaryImageOfPage":{"@id":"https:\/\/chisourcing.com\/product-development\/#primaryimage"},"image":{"@id":"https:\/\/chisourcing.com\/product-development\/#primaryimage"},"thumbnailUrl":"https:\/\/chisourcing.com\/wp-content\/uploads\/2025\/11\/solution-img1.jpg","datePublished":"2025-10-17T08:11:43+00:00","dateModified":"2025-11-27T05:50:04+00:00","description":"Entwickeln Sie Ihr Produkt von Grund auf mit ChiSourcing. Vom Entwurf des Prototyps \u00fcber die kundenspezifische Verpackung bis hin zur Massenproduktion bringen wir Sie mit den besten chinesischen Fabriken f\u00fcr Qualit\u00e4t und Kosteneffizienz zusammen.","breadcrumb":{"@id":"https:\/\/chisourcing.com\/product-development\/#breadcrumb"},"inLanguage":"de","potentialAction":[{"@type":"ReadAction","target":["https:\/\/chisourcing.com\/product-development\/"]}]},{"@type":"ImageObject","inLanguage":"de","@id":"https:\/\/chisourcing.com\/product-development\/#primaryimage","url":"https:\/\/chisourcing.com\/wp-content\/uploads\/2025\/11\/solution-img1.jpg","contentUrl":"https:\/\/chisourcing.com\/wp-content\/uploads\/2025\/11\/solution-img1.jpg"},{"@type":"BreadcrumbList","@id":"https:\/\/chisourcing.com\/product-development\/#breadcrumb","itemListElement":[{"@type":"ListItem","position":1,"name":"Home","item":"https:\/\/chisourcing.com\/"},{"@type":"ListItem","position":2,"name":"Product Development"}]},{"@type":"WebSite","@id":"https:\/\/chisourcing.com\/#website","url":"https:\/\/chisourcing.com\/","name":"ChiSouring","description":"China Lieferant","publisher":{"@id":"https:\/\/chisourcing.com\/#organization"},"alternateName":"ChiSouring","potentialAction":[{"@type":"SearchAction","target":{"@type":"EntryPoint","urlTemplate":"https:\/\/chisourcing.com\/?s={search_term_string}"},"query-input":{"@type":"PropertyValueSpecification","valueRequired":true,"valueName":"search_term_string"}}],"inLanguage":"de"},{"@type":"Organization","@id":"https:\/\/chisourcing.com\/#organization","name":"ChiSouring","alternateName":"ChiSouring","url":"https:\/\/chisourcing.com\/","logo":{"@type":"ImageObject","inLanguage":"de","@id":"https:\/\/chisourcing.com\/#\/schema\/logo\/image\/","url":"https:\/\/chisourcing.com\/wp-content\/uploads\/2025\/11\/logo-2.png","contentUrl":"https:\/\/chisourcing.com\/wp-content\/uploads\/2025\/11\/logo-2.png","width":801,"height":135,"caption":"ChiSouring"},"image":{"@id":"https:\/\/chisourcing.com\/#\/schema\/logo\/image\/"}}]}},"_links":{"self":[{"href":"https:\/\/chisourcing.com\/de\/wp-json\/wp\/v2\/pages\/1436","targetHints":{"allow":["GET"]}}],"collection":[{"href":"https:\/\/chisourcing.com\/de\/wp-json\/wp\/v2\/pages"}],"about":[{"href":"https:\/\/chisourcing.com\/de\/wp-json\/wp\/v2\/types\/page"}],"author":[{"embeddable":true,"href":"https:\/\/chisourcing.com\/de\/wp-json\/wp\/v2\/users\/1"}],"replies":[{"embeddable":true,"href":"https:\/\/chisourcing.com\/de\/wp-json\/wp\/v2\/comments?post=1436"}],"version-history":[{"count":133,"href":"https:\/\/chisourcing.com\/de\/wp-json\/wp\/v2\/pages\/1436\/revisions"}],"predecessor-version":[{"id":7050,"href":"https:\/\/chisourcing.com\/de\/wp-json\/wp\/v2\/pages\/1436\/revisions\/7050"}],"wp:attachment":[{"href":"https:\/\/chisourcing.com\/de\/wp-json\/wp\/v2\/media?parent=1436"}],"curies":[{"name":"wp","href":"https:\/\/api.w.org\/{rel}","templated":true}]}}